{"id":65,"date":"2013-05-21T16:38:17","date_gmt":"2013-05-21T14:38:17","guid":{"rendered":"http:\/\/www.lindner-dresden.de\/wp\/?page_id=65"},"modified":"2016-03-22T17:10:51","modified_gmt":"2016-03-22T15:10:51","slug":"start","status":"publish","type":"page","link":"http:\/\/ortsverein-pillnitz.de\/ovp\/","title":{"rendered":"Start"},"content":{"rendered":"<p><strong>Willkommen<\/strong><br \/>\n<strong>auf der Vereinsseite des Ortsvereins Pillnitz e.V.<\/strong><br \/>\n<strong>f\u00fcr Niederpoyritz, Hosterwitz, Pillnitz, Oberpoyritz, S\u00f6brigen <\/strong><\/p>\n<p>&nbsp;<\/p>\n<table width=\"600\">\n<caption>Fr\u00fche Dorfsiegel und Ersterw\u00e4hnungen<\/caption>\n<tbody>\n<tr>\n<td align=\"center\"><img decoding=\"async\" loading=\"lazy\" alt=\"Dorfsiegel Pillnitz\" src=\"http:\/\/ortsverein-pillnitz.de\/ovp\/wp-content\/uploads\/2013\/09\/Dorfsiegel_Pillnitz.gif\" width=\"100\" height=\"119\" \/><\/td>\n<td align=\"center\"><img decoding=\"async\" loading=\"lazy\" alt=\"Dorfsiegel S\u00f6brigen\" src=\"http:\/\/ortsverein-pillnitz.de\/ovp\/wp-content\/uploads\/2013\/09\/Dorfsiegel_Soebrigen.gif\" width=\"100\" height=\"119\" \/><\/td>\n<td align=\"center\"><img decoding=\"async\" loading=\"lazy\" alt=\"Dorfsiegel Oberpoyritz\" src=\"http:\/\/ortsverein-pillnitz.de\/ovp\/wp-content\/uploads\/2013\/09\/Dorfsiegel_Oberpoyritz.gif\" width=\"100\" height=\"119\" \/><\/td>\n<td align=\"center\"><img decoding=\"async\" loading=\"lazy\" alt=\"Dorfsiegel Hosterwitz\" src=\"http:\/\/ortsverein-pillnitz.de\/ovp\/wp-content\/uploads\/2013\/09\/Dorfsiegel_Hosterwitz.gif\" width=\"100\" height=\"119\" \/><\/td>\n<td align=\"center\"><img decoding=\"async\" loading=\"lazy\" alt=\"Dorfsiegel Niederpoyritz\" src=\"http:\/\/ortsverein-pillnitz.de\/ovp\/wp-content\/uploads\/2013\/09\/Dorfsiegel_Niederpoyritz.gif\" width=\"100\" height=\"119\" \/><\/td>\n<\/tr>\n<tr>\n<td align=\"center\">Pillnitz<\/td>\n<td align=\"center\">S\u00f6brigen<\/td>\n<td align=\"center\">Oberpoyritz<\/td>\n<td align=\"center\">Hosterwitz<\/td>\n<td align=\"center\">Niederpoyritz<\/td>\n<\/tr>\n<tr>\n<td align=\"center\">1335<\/td>\n<td align=\"center\">1378<\/td>\n<td align=\"center\">1378<\/td>\n<td align=\"center\">1406<\/td>\n<td align=\"center\">1414<\/td>\n<\/tr>\n<\/tbody>\n<\/table>\n<p>&nbsp;<\/p>\n<p><em>\u201eAber sieh\u00b4 gegen\u00fcber &#8211; Erkennst du die heitern Geb\u00e4ude<br \/>\nNah an der Elbe Strand? &#8211; Pillnitz, so nennt sich der Ort.<br \/>\nFreundlich hat sich der K\u00f6nig den freundlichen Garten erzogen,<br \/>\nUnd vom Borsberg herab schweift in die Ferne der Blick.\u201d <\/em><\/p>\n<p><span style=\"font-size: xx-small;\"> Aus dem Gedicht \u201eDresden\u201d von Theodor K\u00f6rner, 1813 <\/span><br \/>\n&nbsp; <\/p>\n<p>Die liebliche Landschaft zwischen Elbe und Hang ist f\u00fcr viele Bewohner schon \u00fcber mehrere Generationen Heimat, und Zugezogene w\u00fcnschen sich, f\u00fcr immer hier zu bleiben. Die Bebauung der Ortschaften ist in den letzten 150 Jahren nur gering und sensibel ver\u00e4ndert worden. H\u00e4usern, G\u00e4rten und Stra\u00dfenz\u00fcgen bewahrte sich so meist einen urspr\u00fcnglichen Charakter.<\/p>\n<p><a class=\"shutterset_\" href='http:\/\/ortsverein-pillnitz.de\/ovp\/wp-content\/gallery\/pillnitz_3\/file_0001898a.jpg' title='Dresden 22.05.2004 Blick auf Pillnitz \/ Town Dresden with river Elbe. Foto: euroluftbild.de\/Hans Blossey'><img src='http:\/\/ortsverein-pillnitz.de\/ovp\/wp-content\/gallery\/pillnitz_3\/file_0001898a.jpg' alt='Luftbild von Pillnitz' class='ngg-singlepic ngg-none' width=320 high=240  \/><\/a><\/p>\n<p>Pillnitz, Ende des 6. Jahrhunderts von den Sorben als Fischerweiler gegr\u00fcndet, kommt etwa um 1140 in den Besitz der mei\u00dfnischen Markgrafen. Als \u201eBelennewitz\u201c 1335 ersterw\u00e4hnt, sind in einer Urkunde von 1403 auch Weinberge als zum Pillnitzer Besitz geh\u00f6rend genannt. Um 1578 sprechen Dokumente von dem \u201ealten Schlo\u00df\u201c in Pillnitz. So stehen Weinbau und Schloss schon \u00fcber Jahrhunderte f\u00fcr die Bedeutung von Pillnitz. Im Ortssiegel von Pillnitz als auch der umgebenden Orte finden wir immer wieder die Weintraube.<\/p>\n<p>1720 erteilt August der Starke (1670 \u2013 1733) seinen Architekten P\u00f6ppelmann und Longuelune den Auftrag, in dieser lieblichen Landschaft Wasser- und Bergpalais als \u201eorientalische Lustgeb\u00e4ude\u201c zu errichten. Ab 1765 ist Pillnitz j\u00e4hrliche Sommerresidenz des s\u00e4chsischen Kur- und K\u00f6nigshauses. Ende des 18. Jahrhunderts ver\u00e4ndert sich die Schlossanlage unter Friedrich August III. (1750 \u2013 1827) durch den Anbau der Fl\u00fcgelbauten an die Palais sowie Gartenerweiterungen und \u2013bauten f\u00fcr botanische Anpflanzungen und Forschungen. In der Zeit der Romantik zieht es K\u00fcnstler und Naturliebhaber nach hier.<\/p>\n<p>Der Pillnitzer Schlossgarten entwickelt sich bis zum Ende des 19. Jahrhunderts zu einem der gr\u00f6\u00dften botanischen G\u00e4rten in Deutschland. Die bis heute erhaltenen und zu bewundernden Pflanzenrarit\u00e4ten und zugeh\u00f6rigen Bauten \u2013 Kamelie, hochst\u00e4mmiger Flieder, Englischer und Chinesischer Pavillon, Palmenhaus, Orangerie \u2013 locken in ihrem Zusammenklang von Landschaftsraum, Gartenkunst und Architektur viele Besucher nach Pillnitz.<\/p>\n<p>Auf Grund des milden Elbtal-Klimas wird in Pillnitz seit Jahrhunderten nicht nur Wein-, sondern auch Obst- und Gartenbau betrieben. Seit \u00fcber 100 Jahren bestehen Anstalten der Forschung und Lehre im Gartenbau. Heute haben die Hochschule f\u00fcr Technik und Wirtschaft Dresden, Fachbereich Landbau\/Landespflege, die S\u00e4chsische Landesanstalt f\u00fcr Landwirtschaft mit Pr\u00e4sidium und mehreren Fachbereichen (darunter die Fachschule f\u00fcr Gartentechnik) sowie Institute der Obstforschung hier ihren Sitz.<\/p>\n<p><img decoding=\"async\" loading=\"lazy\" alt=\"Gemeindesiegel Pillnitz\" src=\"http:\/\/ortsverein-pillnitz.de\/ovp\/wp-content\/uploads\/2013\/05\/siegel1.gif\" width=\"100\" height=\"100\" \/><\/p>\n<p>&nbsp;<\/p>\n","protected":false},"excerpt":{"rendered":"<p>Willkommen auf der Vereinsseite des Ortsvereins Pillnitz e.V. f\u00fcr Niederpoyritz, Hosterwitz, Pillnitz, Oberpoyritz, S\u00f6brigen &nbsp; Fr\u00fche Dorfsiegel und Ersterw\u00e4hnungen Pillnitz S\u00f6brigen Oberpoyritz Hosterwitz Niederpoyritz 1335 1378 1378 1406 1414 &nbsp; \u201eAber sieh\u00b4 gegen\u00fcber &#8211; Erkennst du die heitern Geb\u00e4ude Nah an der Elbe Strand? &#8211; Pillnitz, so nennt sich der Ort. Freundlich hat sich der [&hellip;]<\/p>\n","protected":false},"author":1,"featured_media":0,"parent":0,"menu_order":0,"comment_status":"open","ping_status":"open","template":"","meta":{"ngg_post_thumbnail":0,"footnotes":""},"_links":{"self":[{"href":"http:\/\/ortsverein-pillnitz.de\/ovp\/wp-json\/wp\/v2\/pages\/65"}],"collection":[{"href":"http:\/\/ortsverein-pillnitz.de\/ovp\/wp-json\/wp\/v2\/pages"}],"about":[{"href":"http:\/\/ortsverein-pillnitz.de\/ovp\/wp-json\/wp\/v2\/types\/page"}],"author":[{"embeddable":true,"href":"http:\/\/ortsverein-pillnitz.de\/ovp\/wp-json\/wp\/v2\/users\/1"}],"replies":[{"embeddable":true,"href":"http:\/\/ortsverein-pillnitz.de\/ovp\/wp-json\/wp\/v2\/comments?post=65"}],"version-history":[{"count":41,"href":"http:\/\/ortsverein-pillnitz.de\/ovp\/wp-json\/wp\/v2\/pages\/65\/revisions"}],"predecessor-version":[{"id":529,"href":"http:\/\/ortsverein-pillnitz.de\/ovp\/wp-json\/wp\/v2\/pages\/65\/revisions\/529"}],"wp:attachment":[{"href":"http:\/\/ortsverein-pillnitz.de\/ovp\/wp-json\/wp\/v2\/media?parent=65"}],"curies":[{"name":"wp","href":"https:\/\/api.w.org\/{rel}","templated":true}]}}