{"id":4,"date":"2013-05-21T13:07:01","date_gmt":"2013-05-21T11:07:01","guid":{"rendered":"http:\/\/www.lindner-dresden.de\/wp\/?page_id=4"},"modified":"2013-05-21T13:07:01","modified_gmt":"2013-05-21T11:07:01","slug":"aufgaben-und-ziele","status":"publish","type":"page","link":"http:\/\/ortsverein-pillnitz.de\/ovp\/aufgaben-und-ziele\/","title":{"rendered":"Aufgaben und Ziele"},"content":{"rendered":"<p>Pfad: Verein &gt; Aufgaben und Ziele<\/p>\n<p>&nbsp;<\/p>\n<p><strong>Aufgaben und Ziele des Vereins in der Satzung<\/strong><\/p>\n<p>\u201eHauptaufgaben des Vereins sind die Bewahrung, Erhaltung und Fortf\u00fchrung der typischen Struktur der Orte Niederpoyritz, Hosterwitz, Pillnitz, Oberpoyritz und S\u00f6brigen.<\/p>\n<p>Besonderes Augenmerk gilt dabei der Erhaltung des Landschaftscharakters von Elbhang und \u2013tal.<\/p>\n<p>Der Verein f\u00f6rdert und unterst\u00fctzt kulturelle, k\u00fcnstlerische, denkmalpflegerische, soziale und \u00f6kologische Belange.<\/p>\n<p>Er widmet sich regionalgeschichtlichen Forschungen und Publikationen.\u201c<\/p>\n<p>&nbsp;<\/p>\n<p><strong>Der Ortsverein Pillnitz e. V.<\/strong><\/p>\n<p>Im Ortsverein Pillnitz finden sich engagierte Bewohner und Liebhaber der Elbtal- und Elbhang-Landschaften Niederpoyritz, Hosterwitz, Pillnitz, Oberpoyritz und S\u00f6brigen zusammen. Als bekanntester Ort gibt Pillnitz dem Verein seinen Namen.<\/p>\n<p>Die Gr\u00fcndung als eingetragener Verein erfolgte im M\u00e4rz 1992 im Ergebnis der politischen Wende und in Fortsetzung der Arbeit des B\u00fcrgerkomitees Pillnitz, das sich Anfang 1990 gebildet hatte.<\/p>\n<p>Das Verst\u00e4ndnis als Ortsverein und seine Aufgaben und Ziele sind in der Satzung formuliert.<\/p>\n<p>Langfristige Arbeitsgebiete und \u2013themen sowie aktuelle Projekte, Vorhaben, Vortr\u00e4ge, Diskussionsveranstaltungen, Exkursionen, F\u00fchrungen u. \u00e4. f\u00fcllen als Vereinsleben die Satzung aus.<\/p>\n","protected":false},"excerpt":{"rendered":"<p>Pfad: Verein &gt; Aufgaben und Ziele &nbsp; Aufgaben und Ziele des Vereins in der Satzung \u201eHauptaufgaben des Vereins sind die Bewahrung, Erhaltung und Fortf\u00fchrung der typischen Struktur der Orte Niederpoyritz, Hosterwitz, Pillnitz, Oberpoyritz und S\u00f6brigen. Besonderes Augenmerk gilt dabei der Erhaltung des Landschaftscharakters von Elbhang und \u2013tal. Der Verein f\u00f6rdert und unterst\u00fctzt kulturelle, k\u00fcnstlerische, denkmalpflegerische, [&hellip;]<\/p>\n","protected":false},"author":1,"featured_media":0,"parent":0,"menu_order":0,"comment_status":"open","ping_status":"open","template":"","meta":{"ngg_post_thumbnail":0,"footnotes":""},"_links":{"self":[{"href":"http:\/\/ortsverein-pillnitz.de\/ovp\/wp-json\/wp\/v2\/pages\/4"}],"collection":[{"href":"http:\/\/ortsverein-pillnitz.de\/ovp\/wp-json\/wp\/v2\/pages"}],"about":[{"href":"http:\/\/ortsverein-pillnitz.de\/ovp\/wp-json\/wp\/v2\/types\/page"}],"author":[{"embeddable":true,"href":"http:\/\/ortsverein-pillnitz.de\/ovp\/wp-json\/wp\/v2\/users\/1"}],"replies":[{"embeddable":true,"href":"http:\/\/ortsverein-pillnitz.de\/ovp\/wp-json\/wp\/v2\/comments?post=4"}],"version-history":[{"count":0,"href":"http:\/\/ortsverein-pillnitz.de\/ovp\/wp-json\/wp\/v2\/pages\/4\/revisions"}],"wp:attachment":[{"href":"http:\/\/ortsverein-pillnitz.de\/ovp\/wp-json\/wp\/v2\/media?parent=4"}],"curies":[{"name":"wp","href":"https:\/\/api.w.org\/{rel}","templated":true}]}}