{"id":373,"date":"2013-05-21T13:17:36","date_gmt":"2013-05-21T11:17:36","guid":{"rendered":"http:\/\/www.lindner-dresden.de\/wp\/?page_id=14"},"modified":"2024-08-16T18:25:04","modified_gmt":"2024-08-16T16:25:04","slug":"satzung","status":"publish","type":"page","link":"http:\/\/ortsverein-pillnitz.de\/ovp\/satzung\/","title":{"rendered":"Satzung"},"content":{"rendered":"<p>Pfad: Verein &gt; Satzung<\/p>\n<p>&nbsp;<\/p>\n<div align=\"left\">\n<table width=\"85%\" cellspacing=\"0\" cellpadding=\"0\" border=\"0\">\n<p><strong> Satzung des Ortsvereines Pillnitz e. V.<\/strong> &nbsp;&nbsp;&nbsp;&nbsp;<a href=\"http:\/\/ortsverein-pillnitz.de\/ovp\/wp-content\/uploads\/2024\/08\/Satzung-des-Ortsvereines-Pillnitz_2024-05_mU.pdf\" target=\"_blank\" rel=\"noopener\">(Satzung als PDF)<\/a><\/p>\n<p><em> (durch Beschluss der Mitgliederversammlung vom 24.05.2024 ge\u00e4nderte Fassung) <\/em><\/p>\n<p>&nbsp;<\/p>\n<tr>\n<td>\n<div align=\"left\">\n<table cellspacing=\"0\" cellpadding=\"1\" border=\"0\" >\n<tr>\n<td><font class=\"ueberschrift\"> Inhalt <\/font><\/td>\n<\/tr>\n<tr align=left>\n<td><font class=\"normal\"> \u00a7 &nbsp;1&nbsp;&nbsp;  <font size=+0><a href=\"#p1\"><a href=\"#p1\">Name und Sitz<\/font><\/a><\/td>\n<\/tr>\n<tr align=left>\n<td><font class=\"normal\"> \u00a7 &nbsp;2&nbsp;&nbsp;  <font size=+0><a href=\"#p2\"><a href=\"#p2\">Aufgaben und Ziele<\/font><\/a><\/td>\n<\/tr>\n<tr align=left>\n<td><font class=\"normal\"> \u00a7 &nbsp;3&nbsp;&nbsp;  <font size=+0><a href=\"#p3\"><a href=\"#p3\">Mitgliedschaft<\/font><\/a><\/td>\n<\/tr>\n<tr align=left>\n<td><font class=\"normal\"> \u00a7 &nbsp;4&nbsp;&nbsp;  <font size=+0><a href=\"#p4\"><a href=\"#p4\">Rechte und Pflichten der Mitglieder<\/font><\/a><\/td>\n<\/tr>\n<tr align=left>\n<td><font class=\"normal\"> \u00a7 &nbsp;5&nbsp;&nbsp;  <font size=+0><a href=\"#p5\"><a href=\"#p5\">Beendigung der Mitgliedschaft<\/font><\/a><\/td>\n<\/tr>\n<tr align=left>\n<td><font class=\"normal\"> \u00a7 &nbsp;6&nbsp;&nbsp;  <font size=+0><a href=\"#p6\"><a href=\"#p6\">Organe<\/font><\/a><\/td>\n<\/tr>\n<tr align=left>\n<td><font class=\"normal\"> \u00a7 &nbsp;7&nbsp;&nbsp;  <font size=+0><a href=\"#p7\"><a href=\"#p7\">Vorstand<\/font><\/a><\/td>\n<\/tr>\n<tr align=left>\n<td><font class=\"normal\"> \u00a7 &nbsp;8&nbsp;&nbsp;  <font size=+0><a href=\"#p8\"><a href=\"#p8\">Mitgliederversammlung<\/font><\/a><\/td>\n<\/tr>\n<tr align=left>\n<td><font class=\"normal\"> \u00a7 &nbsp;9&nbsp;&nbsp;  <font size=+0><a href=\"#p9\"><a href=\"#p9\">Aufl&ouml;sung<\/font><\/a><\/td>\n<\/tr>\n<tr align=left>\n<td><font class=\"normal\"> \u00a7 &nbsp;10&nbsp;&nbsp;  <font size=+0><a href=\"#p10\"><a href=\"#p10\">Schlussbestimmungen<\/font><\/a><\/td>\n<\/tr>\n<\/table>\n<\/div>\n<\/td>\n<\/tr>\n<tr>\n<td>\n<\/p>\n<tr>\n<td><a name=\"p1\"><\/a><\/td>\n<\/tr>\n<tr>\n<td>&nbsp;<\/td>\n<\/tr>\n<tr>\n<td>&nbsp;<\/td>\n<\/tr>\n<tr>\n<td>&nbsp;<\/td>\n<\/tr>\n<tr>\n<td>&nbsp;<\/td>\n<\/tr>\n<tr>\n<td>&nbsp;<\/td>\n<\/tr>\n<tr>\n<td>&nbsp;<\/td>\n<\/tr>\n<tr>\n<td>&nbsp;<\/td>\n<\/tr>\n<tr>\n<td>\n<p><\/p>\n<p><font class=\"ueberschrift\"> \u00a7 1 Name und Sitz<\/font><br \/>\n<\/p>\n<p><font class=\"normal\"><br \/>\n(1) Der Verein f\u00fchrt den Namen &#8222;Ortsverein Pillnitz e.V.&#8220;.<\/p>\n<p>(2) Der Verein ist in das Vereinsregister beim Amtsgericht Dresden eingetragen.<\/p>\n<p>(3) Der Sitz des Vereins ist Dresden.<\/p>\n<p>(4) Als Sinnbild f\u00fchrt der Verein die jeweils letzten Gemeindesiegel von<br \/>\n    Niederpoyritz, Hosterwitz, Pillnitz, Oberpoyritz und S\u00f6brigen.<br \/>\n\n<\/td>\n<\/tr>\n<tr>\n<td>\n<\/p>\n<table  bgcolor=\"\">\n<tr>\n<td><a href=\"#top\"><br \/>\n<img decoding=\"async\" src=\"http:\/\/ortsverein-pillnitz.de\/ovp\/wp-content\/uploads\/2024\/08\/xgoup.gif\" width=14 height=10 border=0 alt=\"zum Inhalt\" \/><\/a>&nbsp; zur&uuml;ck zum Inhalt<\/td>\n<\/tr>\n<\/table>\n<\/td>\n<\/tr>\n<tr>\n<td><a name=\"p2\"><\/a><\/td>\n<\/tr>\n<tr>\n<td>&nbsp;<\/td>\n<\/tr>\n<tr>\n<td>&nbsp;<\/td>\n<\/tr>\n<tr>\n<td>&nbsp;<\/td>\n<\/tr>\n<tr>\n<td>&nbsp;<\/td>\n<\/tr>\n<tr>\n<td>&nbsp;<\/td>\n<\/tr>\n<tr>\n<td>&nbsp;<\/td>\n<\/tr>\n<tr>\n<td>&nbsp;<\/td>\n<\/tr>\n<tr>\n<td>\n<p>\n<font class=\"ueberschrift\"> \u00a72 Aufgaben und Ziele<\/font><br \/>\n<\/p>\n<p><font class=\"normal\"><\/p>\n<p>(1) Der Verein \u00fcbt seine T\u00e4tigkeit selbstlos aus und verfolgt keine eigenwirtschaftliche Zwecke.<br \/>\n    Der Verein verfolgt ausschlie\u00dflich und unmittelbar gemeinn\u00fctzige Zwecke.<br \/>\n    Er ist parteipolitisch und konfessionell unabh\u00e4ngig.<\/p>\n<p>(2) Hauptaufgaben des Vereins sind die Bewahrung, Erhaltung und Fortf\u00fchrung der typischen Struktur der Orte Niederpoyritz, Hosterwitz, Pillnitz, Oberpoyritz und S\u00f6brigen.<br \/>\nBesonderes Augenmerk gilt dabei der Erhaltung des Landschaftscharakters von Elbhang und -tal.<\/p>\n<p>(3) Der Verein f\u00f6rdert und unterst\u00fctzt kulturelle, k\u00fcnstlerische, denkmalpflegerische, soziale und \u00f6kologische Belange.<br \/>\nEr widmet sich regionalgeschichtlichen Forschungen und Publikationen.<\/p>\n<p>(4) Es darf keine Person durch Ausgaben, die dem Zweck des Vereins fremd sind, oder durch unverh\u00e4ltnism\u00e4\u00dfig hohe Verg\u00fctungen beg\u00fcnstigt werden.<\/p>\n<p>(5) Mittel des Vereins d\u00fcrfen nur f\u00fcr die satzungsm\u00e4\u00dfigen Zwecke verwendet werden.<br \/>\nDie Mitglieder erhalten keine Zuwendung aus Mitteln des Vereins.<br \/>\n\n<\/td>\n<\/tr>\n<tr>\n<td>\n<\/p>\n<table  bgcolor=\"\">\n<tr>\n<td><a href=\"#top\"><br \/>\n<img decoding=\"async\" src=\"http:\/\/ortsverein-pillnitz.de\/ovp\/wp-content\/uploads\/2024\/08\/xgoup.gif\" width=14 height=10 border=0 alt=\"zum Inhalt\" \/><\/a>&nbsp; zur&uuml;ck zum Inhalt<\/td>\n<\/tr>\n<\/table>\n<\/td>\n<\/tr>\n<tr>\n<td><a name=\"p3\"><\/a><\/td>\n<\/tr>\n<tr>\n<td>&nbsp;<\/td>\n<\/tr>\n<tr>\n<td>&nbsp;<\/td>\n<\/tr>\n<tr>\n<td>&nbsp;<\/td>\n<\/tr>\n<tr>\n<td>&nbsp;<\/td>\n<\/tr>\n<tr>\n<td>&nbsp;<\/td>\n<\/tr>\n<tr>\n<td>&nbsp;<\/td>\n<\/tr>\n<tr>\n<td>&nbsp;<\/td>\n<\/tr>\n<tr>\n<td>\n<p>\n<font class=\"ueberschrift\"> \u00a73 Mitgliedschaft<\/font><br \/>\n<\/p>\n<p><font class=\"normal\"><\/p>\n<p>(1) Mitglied des Vereins kann jede nat\u00fcrliche sowie jede juristische Person werden.<br \/>\nJuristische Personen haben dem Verein jeweils einen verbindlichen Ansprechpartner zu benennen.<\/p>\n<p>(2) \u00dcber die Aufnahme entscheidet nach schriftlichem Antrag der Vorstand.<br \/>\nAblehnungen sind gegen\u00fcber der Mitgliederversammlung zu begr\u00fcnden.<\/p>\n<p>(3) Auf Vorschlag kann die Mitgliederversammlung Ehrenmitglieder auf Lebenszeit benennen.<\/p>\n<p>\n<\/td>\n<\/tr>\n<tr>\n<td>\n<\/p>\n<table  bgcolor=\"\">\n<tr>\n<td><a href=\"#top\"><br \/>\n<img decoding=\"async\" src=\"http:\/\/ortsverein-pillnitz.de\/ovp\/wp-content\/uploads\/2024\/08\/xgoup.gif\" width=14 height=10 border=0 alt=\"zum Inhalt\" \/><\/a>&nbsp; zur&uuml;ck zum Inhalt<\/td>\n<\/tr>\n<\/table>\n<\/td>\n<\/tr>\n<tr>\n<td><a name=\"p4\"><\/a><\/td>\n<\/tr>\n<tr>\n<td>&nbsp;<\/td>\n<\/tr>\n<tr>\n<td>&nbsp;<\/td>\n<\/tr>\n<tr>\n<td>&nbsp;<\/td>\n<\/tr>\n<tr>\n<td>&nbsp;<\/td>\n<\/tr>\n<tr>\n<td>&nbsp;<\/td>\n<\/tr>\n<tr>\n<td>&nbsp;<\/td>\n<\/tr>\n<tr>\n<td>&nbsp;<\/td>\n<\/tr>\n<tr>\n<td>\n<p>\n<font class=\"ueberschrift\"> \u00a74 Rechte und Pflichten der Mitglieder<\/font><br \/>\n<\/p>\n<p><font class=\"normal\"><\/p>\n<p>(1) Die Mitglieder sind gehalten, die Interessen und Ziele des Vereins zu vertreten und in angemessener Weise durch Wort und Tat zu unterst\u00fctzen.<br \/>\nDie Mitglieder sind eingeladen, alle M\u00f6glichkeiten zur F\u00f6rderung des Vereins auszusch\u00f6pfen.<\/p>\n<p>(2) Die Mitglieder sind zur Zahlung des Aufnahmebeitrages, der laufenden Mitgliedsbeitr\u00e4ge sowie m\u00f6glicher Umlagen verpflichtet.<\/p>\n<p>(3) H\u00f6he und F\u00e4lligkeit von Aufnahme- und Mitgliedsbeitr\u00e4gen sowie Umlagen werden von der Mitgliederversammlung festgelegt.<\/p>\n<p>(4) Der Vorstand kann in besonderen F\u00e4llen Beitr\u00e4ge und Umlagen ganz oder teilweise erlassen.<\/p>\n<p>(5) Ehrenmitglieder sind von der Pflicht zur Zahlung von Beitr\u00e4gen und Umlagen befreit.<\/p>\n<p>\n<\/td>\n<\/tr>\n<tr>\n<td>\n<\/p>\n<table  bgcolor=\"\">\n<tr>\n<td><a href=\"#top\"><br \/>\n<img decoding=\"async\" src=\"http:\/\/ortsverein-pillnitz.de\/ovp\/wp-content\/uploads\/2024\/08\/xgoup.gif\" width=14 height=10 border=0 alt=\"zum Inhalt\" \/><\/a>&nbsp; zur&uuml;ck zum Inhalt<\/td>\n<\/tr>\n<\/table>\n<\/td>\n<\/tr>\n<tr>\n<td><a name=\"p5\"><\/a><\/td>\n<\/tr>\n<tr>\n<td>&nbsp;<\/td>\n<\/tr>\n<tr>\n<td>&nbsp;<\/td>\n<\/tr>\n<tr>\n<td>&nbsp;<\/td>\n<\/tr>\n<tr>\n<td>&nbsp;<\/td>\n<\/tr>\n<tr>\n<td>&nbsp;<\/td>\n<\/tr>\n<tr>\n<td>&nbsp;<\/td>\n<\/tr>\n<tr>\n<td>&nbsp;<\/td>\n<\/tr>\n<tr>\n<td>\n<p>\n<font class=\"ueberschrift\"> \u00a75 Beendigung der Mitgliedschaft<\/font><br \/>\n<\/p>\n<p><font class=\"normal\"><\/p>\n<p>(1) Die Mitgliedschaft endet durch Austritt, Ausschluss oder Tod.<\/p>\n<p>(2) Der Austritt erfolgt durch schriftliche Erkl\u00e4rung gegen\u00fcber dem Vorstand. Der Austritt hat mit einer Frist von drei Monaten zum Ablauf des Gesch\u00e4ftsjahres zu erfolgen.<\/p>\n<p>(3) Der Ausschluss erfolgt durch Beschluss der Mitgliederversammlung. Ihm m\u00fcssen mindestens dreiviertel der Anwesenden zustimmen.<br \/>\nF\u00fcr den Ausschluss muss ein wichtiger Grund vorliegen. Vor der Beschlussfassung muss der Vorstand dem Mitglied Gelegenheit zur m\u00fcndlichen oder schriftlichen Stellungnahme geben.<br \/>\nDer Vorstand kann durch Beschluss die Rechte eines Mitgliedes bis zur Entscheidung durch die Mitgliederversammlung aussetzen.<\/p>\n<p>\n<\/td>\n<\/tr>\n<tr>\n<td>\n<\/p>\n<table  bgcolor=\"\">\n<tr>\n<td><a href=\"#top\"><br \/>\n<img decoding=\"async\" src=\"http:\/\/ortsverein-pillnitz.de\/ovp\/wp-content\/uploads\/2024\/08\/xgoup.gif\" width=14 height=10 border=0 alt=\"zum Inhalt\" \/><\/a>&nbsp; zur&uuml;ck zum Inhalt<\/td>\n<\/tr>\n<\/table>\n<\/td>\n<\/tr>\n<tr>\n<td><a name=\"p6\"><\/a><\/td>\n<\/tr>\n<tr>\n<td>&nbsp;<\/td>\n<\/tr>\n<tr>\n<td>&nbsp;<\/td>\n<\/tr>\n<tr>\n<td>&nbsp;<\/td>\n<\/tr>\n<tr>\n<td>&nbsp;<\/td>\n<\/tr>\n<tr>\n<td>&nbsp;<\/td>\n<\/tr>\n<tr>\n<td>&nbsp;<\/td>\n<\/tr>\n<tr>\n<td>&nbsp;<\/td>\n<\/tr>\n<tr>\n<td>\n<p><\/p>\n<p><font class=\"ueberschrift\"> \u00a76 Organe<\/font><br \/>\n<\/p>\n<p><font class=\"normal\"><\/p>\n<p>(1) Organe des Vereins sind der Vorstand und die Mitgliederversammlung.<\/p>\n<p>\n<\/td>\n<\/tr>\n<tr>\n<td>\n<\/p>\n<table  bgcolor=\"\">\n<tr>\n<td><a href=\"#top\"><br \/>\n<img decoding=\"async\" src=\"http:\/\/ortsverein-pillnitz.de\/ovp\/wp-content\/uploads\/2024\/08\/xgoup.gif\" width=14 height=10 border=0 alt=\"zum Inhalt\" \/><\/a>&nbsp; zur&uuml;ck zum Inhalt<\/td>\n<\/tr>\n<\/table>\n<\/td>\n<\/tr>\n<tr>\n<td><a name=\"p7\"><\/a><\/td>\n<\/tr>\n<tr>\n<td>&nbsp;<\/td>\n<\/tr>\n<tr>\n<td>&nbsp;<\/td>\n<\/tr>\n<tr>\n<td>&nbsp;<\/td>\n<\/tr>\n<tr>\n<td>&nbsp;<\/td>\n<\/tr>\n<tr>\n<td>&nbsp;<\/td>\n<\/tr>\n<tr>\n<td>&nbsp;<\/td>\n<\/tr>\n<tr>\n<td>&nbsp;<\/td>\n<\/tr>\n<tr>\n<td>\n<p>\n<font class=\"ueberschrift\"> \u00a77 Vorstand<\/font><br \/>\n<\/p>\n<p><font class=\"normal\"><\/p>\n<p>(1) Der Vorstand besteht aus vier Mitgliedern:<br \/>\n\t1. dem \/ der ersten Vorsitzenden<br \/>\n\t2. dem \/ der zweiten Vorsitzenden<br \/>\n\t3. dem \/ der Schatzmeister(in)<br \/>\n\t4. dem \/ der Schriftf\u00fchrer(in)<br \/>\n    Der Vorstand kann bei Bedarf durch Beschluss der Mitgliederversammlung vergr\u00f6\u00dfert werden.<\/p>\n<p>(2) Der Verein wird durch zwei Mitglieder des Vorstandes vertreten, darunter der \/ die erste oder zweite Vorsitzende.<\/p>\n<p>(3) Die Vorstandsmitglieder werden von der Mitgliederversammlung f\u00fcr die Dauer von vier Jahren gew\u00e4hlt. Der Vorstand f\u00fchrt die Gesch\u00e4fte nach Ablauf seiner Amtszeit bis zur Neuwahl weiter, sofern diese noch nicht stattgefunden hat.<\/p>\n<p>(4) Eine vorzeitige Abwahl von Vorstandsmitgliedern durch die Mitgliederversammlung ist m\u00f6glich, sofern daf\u00fcr wichtige Gr\u00fcnde vorliegen.<br \/>\nEs ist eine Mehrheit von mindestens drei Viertel der abgegebenen Stimmen erforderlich.<\/p>\n<p>(5) Zu Vorstandsmitgliedern k\u00f6nnen nur Mitglieder des Vereins gew\u00e4hlt werden.<br \/>\nJedes Vorstandsmitglied ist einzeln und geheim zu w\u00e4hlen. Eine Wiederwahl ist zul\u00e4ssig.<br \/>\nMit der Beendigung der Mitgliedschaft endet auch das Amt eines Vorstandsmitgliedes.<\/p>\n<p>(6) Scheidet ein Mitglied des Vorstandes vorzeitig aus, so kann der Vorstand f\u00fcr die restliche Amtsdauer des Ausgeschiedenen aus dem Kreis der Mitglieder einen Nachfolger w\u00e4hlen oder die Amtsgesch\u00e4fte des ausgeschiedenen Mitgliedes einem anderen Vorstandsmitglied \u00fcbertragen.<br \/>\nDies bedarf jedoch der Zustimmung durch die n\u00e4chste ordentliche Mitgliederversammlung.<\/p>\n<p>(7) Der Vorstand ist f\u00fcr alle Angelegenheiten des Vereins zust\u00e4ndig, soweit sie nicht durch diese Satzung der Mitgliederversammlung \u00fcbertragen sind.<\/p>\n<p>(8) Der Vorstand beschlie\u00dft in Sitzungen, die vom ersten oder zweiten Vorsitzenden einberufen werden. Eine Einrufungsfrist von einer Woche soll in der Regel eingehalten werden.<\/p>\n<p>(9) Der Vorstand ist beschlussf\u00e4hig, wenn mindestens zwei Drittel seiner Mitglieder anwesend sind. Beschl\u00fcsse k\u00f6nnen auch im schriftlichen Umlaufverfahren gefasst werden, wenn kein Vorstandsmitglied diesem Verfahren widerspricht. Bei der Beschlussfassung entscheidet die einfache Mehrheit. Bei Stimmengleichheit entscheidet die Stimme des ersten, bei dessen Abwesenheit die des zweiten Vorsitzenden.<\/p>\n<p>\n<\/td>\n<\/tr>\n<tr>\n<td>\n<\/p>\n<table  bgcolor=\"\">\n<tr>\n<td><a href=\"#top\"><br \/>\n<img decoding=\"async\" src=\"http:\/\/ortsverein-pillnitz.de\/ovp\/wp-content\/uploads\/2024\/08\/xgoup.gif\" width=14 height=10 border=0 alt=\"zum Inhalt\" \/><\/a>&nbsp; zur&uuml;ck zum Inhalt<\/td>\n<\/tr>\n<\/table>\n<\/td>\n<\/tr>\n<tr>\n<td><a name=\"p8\"><\/a><\/td>\n<\/tr>\n<tr>\n<td>&nbsp;<\/td>\n<\/tr>\n<tr>\n<td>&nbsp;<\/td>\n<\/tr>\n<tr>\n<td>&nbsp;<\/td>\n<\/tr>\n<tr>\n<td>&nbsp;<\/td>\n<\/tr>\n<tr>\n<td>&nbsp;<\/td>\n<\/tr>\n<tr>\n<td>&nbsp;<\/td>\n<\/tr>\n<tr>\n<td>&nbsp;<\/td>\n<\/tr>\n<tr>\n<td>\n<p>\n<font class=\"ueberschrift\"> \u00a78 Mitgliederversammlung<\/font><br \/>\n<\/p>\n<p><font class=\"normal\"><\/p>\n<p>(1) Mindestens einmal im Jahr, m\u00f6glichst im ersten Quartal, soll die ordentliche Mitgliederversammlung stattfinden.<\/p>\n<p>(2) Die Mitgliederversammlung wird vom Vorstand mindestens zwei Wochen vorher durch einfachen Brief oder per Email unter Angabe der Tagesordnung einberufen. Die Frist beginnt mit dem auf die Absendung des Einladungsschreibens folgenden Tag und gilt als zugegangen, wenn es an die letzte vom Mitglied dem Verein schriftlich bekanntgegebene Adresse gerichtet ist.<\/p>\n<p>(3) Jedes Mitglied kann bis sp\u00e4testens eine Woche vor einer Mitgliederversammlung beim Vorstand schriftlich eine Erg\u00e4nzung der Tagesordnung beantragen.<\/p>\n<p>(4) Die Mitgliederversammlung hat folgende Aufgaben wahrzunehmen:<br \/>\n\t&#8211; Entgegennahme des Jahresberichtes \u00fcber das zur\u00fcckliegende Gesch\u00e4ftsjahr<br \/>\n\t&#8211; Billigung des Finanzplanes<br \/>\n\t&#8211; Entlastung des Vorstandes<br \/>\n\t&#8211; Festsetzung der Aufnahme- und Mitgliedsbeitr\u00e4ge sowie m\u00f6glicher Umlagen<br \/>\n\t&#8211; Wahl des Vorstandes<br \/>\n\t&#8211; Ernennung von Ehrenmitgliedern<br \/>\n\t&#8211; Satzungs\u00e4nderungen<br \/>\n\t&#8211; Aufl\u00f6sung des Vereins<\/p>\n<p>(5) Die Mitgliederversammlung wird von einem Mitglied des Vorstandes, in der Regel dem ersten Vorsitzenden, geleitet. Bei Vorstandswahlen kann der Versammlungsleiter f\u00fcr diesen Tagesordnungspunkt die Versammlungsleitung einem Wahlausschuss \u00fcbertragen.<\/p>\n<p>(6) Die Mitgliederversammlung ist beschlussf\u00e4hig, wenn mindestens ein Viertel der Vereinsmitglieder anwesend sind. Bei Beschlussunf\u00e4higkeit ist der Vorstand verpflichtet, innerhalb von zwei Wochen eine zweite Mitgliederversammlung mit gleicher Tagesordnung einzuberufen. F\u00fcr diese Einladung bedarf es keiner Frist.<br \/>\nDiese zweite Mitgliederversammlung ist ohne R\u00fccksicht auf die Zahl der erschienenen Mitglieder beschluss- und wahlf\u00e4hig.<\/p>\n<p>(7) Bei juristischen Personen ist der bevollm\u00e4chtigte Vertreter stimmberechtigt.<\/p>\n<p>(8) Bei Vorstandswahlen ist gew\u00e4hlt, wer die meisten Stimmen erhalten hat. Bei gleicher Stimmenzahl entscheidet die Stichwahl, im Wiederholungsfall das Los.<\/p>\n<p>(9) Beschl\u00fcsse fasst die Mitgliederversammlung im allgemeinen mit einfacher Mehrheit.<\/p>\n<p>(10) F\u00fcr Satzungs\u00e4nderungen ist eine Mehrheit von mindestens drei Viertel der abgegebenen Stimmen erforderlich.<\/p>\n<p>(11) Vorstandswahlen, Beschl\u00fcsse und Satzungs\u00e4nderungen sind zu protokollieren und vom Schriftf\u00fchrer und mindestens zwei weiteren Vorstandsmitgliedern zu unterzeichnen.<\/p>\n<p>(12) Der Vorstand kann eine au\u00dferordentliche Mitgliederversammlung einberufen.<\/p>\n<p>(13) Eine au\u00dferordentliche Mitgliederversammlung muss vom Vorstand einberufen werden, wenn mindestens ein Zehntel der Mitglieder einen schriftlich begr\u00fcndeten Antrag stellen.<\/p>\n<p>(14) F\u00fcr au\u00dferordentliche Mitgliederversammlungen gelten die Abs\u00e4tze 5 bis 11 sinngem\u00e4\u00df.<\/p>\n<p>\n<\/td>\n<\/tr>\n<tr>\n<td>\n<\/p>\n<table  bgcolor=\"\">\n<tr>\n<td><a href=\"#top\"><br \/>\n<img decoding=\"async\" src=\"http:\/\/ortsverein-pillnitz.de\/ovp\/wp-content\/uploads\/2024\/08\/xgoup.gif\" width=14 height=10 border=0 alt=\"zum Inhalt\" \/><\/a>&nbsp; zur&uuml;ck zum Inhalt<\/td>\n<\/tr>\n<\/table>\n<\/td>\n<\/tr>\n<tr>\n<td><a name=\"p9\"><\/a><\/td>\n<\/tr>\n<tr>\n<td>&nbsp;<\/td>\n<\/tr>\n<tr>\n<td>&nbsp;<\/td>\n<\/tr>\n<tr>\n<td>&nbsp;<\/td>\n<\/tr>\n<tr>\n<td>&nbsp;<\/td>\n<\/tr>\n<tr>\n<td>&nbsp;<\/td>\n<\/tr>\n<tr>\n<td>&nbsp;<\/td>\n<\/tr>\n<tr>\n<td>&nbsp;<\/td>\n<\/tr>\n<tr>\n<td>\n<p><\/p>\n<p><font class=\"ueberschrift\"> \u00a79 Aufl\u00f6sung<\/font><br \/>\n<\/p>\n<p><font class=\"normal\"><\/p>\n<p>(1) Die Aufl\u00f6sung des Vereins ist nur m\u00f6glich, wenn mindestens drei Viertel der anwesenden Mitglieder einer Mitgliederversammlung zustimmen. Ein Beschluss \u00fcber die Aufl\u00f6sung kann nur dann gefasst werden, wenn mindestens zwei Drittel der Mitglieder anwesend sind.<\/p>\n<p>(2) Im Fall der Aufl\u00f6sung sind die Vorstandsmitglieder gemeinsam vertretungsberechtigte Liquidatoren.<\/p>\n<p>(3)  Bei Aufl\u00f6sung  des Vereins oder bei Wegfall steuerbeg\u00fcnstigter Zwecke f\u00e4llt das Verm\u00f6gen an den Landesverein S\u00e4chsischer Heimatschutz e.V.<br \/>\nEs ist ausschlie\u00dflich f\u00fcr gemeinn\u00fctzige Zwecke im Sinne der Satzung des Ortsvereins Pillnitz e. V. zu verwenden.<\/p>\n<p>\n<\/td>\n<\/tr>\n<tr>\n<td>\n<\/p>\n<table  bgcolor=\"\">\n<tr>\n<td><a href=\"#top\"><br \/>\n<img decoding=\"async\" src=\"http:\/\/ortsverein-pillnitz.de\/ovp\/wp-content\/uploads\/2024\/08\/xgoup.gif\" width=14 height=10 border=0 alt=\"zum Inhalt\" \/><\/a>&nbsp; zur&uuml;ck zum Inhalt<\/td>\n<\/tr>\n<\/table>\n<\/td>\n<\/tr>\n<tr>\n<td><a name=\"p10\"><\/a><\/td>\n<\/tr>\n<tr>\n<td>&nbsp;<\/td>\n<\/tr>\n<tr>\n<td>&nbsp;<\/td>\n<\/tr>\n<tr>\n<td>&nbsp;<\/td>\n<\/tr>\n<tr>\n<td>&nbsp;<\/td>\n<\/tr>\n<tr>\n<td>&nbsp;<\/td>\n<\/tr>\n<tr>\n<td>&nbsp;<\/td>\n<\/tr>\n<tr>\n<td>&nbsp;<\/td>\n<\/tr>\n<tr>\n<td>\n<p><\/p>\n<p><font class=\"ueberschrift\"> \u00a710 Schlussbestimmungen<\/font><br \/>\n<\/p>\n<p><font class=\"normal\"><\/p>\n<p>(1) Sollten einzelne Bestimmungen dieser Satzung wegen Versto\u00df gegen zwingende Vorschriften oder durch Gesetzes\u00e4nderung unwirksam werden, soll an die Stelle der unwirksamen eine wirksame Klausel treten, die dem Sinn und Zweck der unwirksamen Klausel inhaltlich entspricht.<\/p>\n<p>(2) Gerichtsstand bei Streitigkeiten sind die Gerichte, in deren Bereich der Verein seinen Sitz hat.<\/p>\n<p>(3)  Die vorstehende Satzung wurde in der Gr\u00fcndungsversammlung am 21. M\u00e4rz 1992 in Dresden-Hosterwitz beschlossen.<br \/>\nSie erlangt mit der Registrierung des Vereins im Vereinsregister als &#8222;eingetragener Verein&#8220; (e.V.) Rechtsf\u00e4higkeit.<\/p>\n<tr>\n<td>\n<\/p>\n<table  bgcolor=\"\">\n<tr>\n<td><a href=\"#top\"><br \/>\n<img decoding=\"async\" src=\"http:\/\/ortsverein-pillnitz.de\/ovp\/wp-content\/uploads\/2024\/08\/xgoup.gif\" width=14 height=10 border=0 alt=\"zum Inhalt\" \/><\/a>&nbsp; zur&uuml;ck zum Inhalt<\/td>\n<\/tr>\n<\/table>\n<\/td>\n<\/tr>\n<tr>\n<td>&nbsp;<\/td>\n<\/tr>\n<tr>\n<td>&nbsp;<\/td>\n<\/tr>\n<\/table>\n<\/div>\n","protected":false},"excerpt":{"rendered":"<p>Pfad: Verein &gt; Satzung &nbsp; Satzung des Ortsvereines Pillnitz e. V. &nbsp;&nbsp;&nbsp;&nbsp;(Satzung als PDF) (durch Beschluss der Mitgliederversammlung vom 24.05.2024 ge\u00e4nderte Fassung) &nbsp; Inhalt \u00a7 &nbsp;1&nbsp;&nbsp; Name und Sitz \u00a7 &nbsp;2&nbsp;&nbsp; Aufgaben und Ziele \u00a7 &nbsp;3&nbsp;&nbsp; Mitgliedschaft \u00a7 &nbsp;4&nbsp;&nbsp; Rechte und Pflichten der Mitglieder \u00a7 &nbsp;5&nbsp;&nbsp; Beendigung der Mitgliedschaft \u00a7 &nbsp;6&nbsp;&nbsp; Organe \u00a7 &nbsp;7&nbsp;&nbsp; Vorstand [&hellip;]<\/p>\n","protected":false},"author":1,"featured_media":0,"parent":0,"menu_order":0,"comment_status":"open","ping_status":"open","template":"","meta":{"ngg_post_thumbnail":0,"footnotes":""},"_links":{"self":[{"href":"http:\/\/ortsverein-pillnitz.de\/ovp\/wp-json\/wp\/v2\/pages\/373"}],"collection":[{"href":"http:\/\/ortsverein-pillnitz.de\/ovp\/wp-json\/wp\/v2\/pages"}],"about":[{"href":"http:\/\/ortsverein-pillnitz.de\/ovp\/wp-json\/wp\/v2\/types\/page"}],"author":[{"embeddable":true,"href":"http:\/\/ortsverein-pillnitz.de\/ovp\/wp-json\/wp\/v2\/users\/1"}],"replies":[{"embeddable":true,"href":"http:\/\/ortsverein-pillnitz.de\/ovp\/wp-json\/wp\/v2\/comments?post=373"}],"version-history":[{"count":28,"href":"http:\/\/ortsverein-pillnitz.de\/ovp\/wp-json\/wp\/v2\/pages\/373\/revisions"}],"predecessor-version":[{"id":801,"href":"http:\/\/ortsverein-pillnitz.de\/ovp\/wp-json\/wp\/v2\/pages\/373\/revisions\/801"}],"wp:attachment":[{"href":"http:\/\/ortsverein-pillnitz.de\/ovp\/wp-json\/wp\/v2\/media?parent=373"}],"curies":[{"name":"wp","href":"https:\/\/api.w.org\/{rel}","templated":true}]}}