{"id":35,"date":"2013-05-21T14:37:47","date_gmt":"2013-05-21T12:37:47","guid":{"rendered":"http:\/\/www.lindner-dresden.de\/wp\/?page_id=35"},"modified":"2025-08-07T16:31:37","modified_gmt":"2025-08-07T14:31:37","slug":"ausstellungen","status":"publish","type":"page","link":"http:\/\/ortsverein-pillnitz.de\/ovp\/ausstellungen\/","title":{"rendered":"Ausstellungen"},"content":{"rendered":"<p>Der Ortsverein Pillnitz e.V. zeigte die nachfolgenden Ausstellungen zum Elbhangfest im Pillnitzer Schloss als auch teilweise im Kulturrathaus in der Dresdner Neustadt.<\/p>\n<p>&nbsp;<br \/>\n&nbsp;<\/p>\n<p><strong>Juni 2025<\/strong><\/p>\n<p><strong> Ausstellung zum Elbhangfest<br \/>\n\u201eGlaube und Trauben &#8211; seit Jahrhunderten in Pillnitz\u201c<\/strong> <\/p>\n<p><\/p>\n<p><a href=\"http:\/\/ortsverein-pillnitz.de\/ovp\/wp-content\/uploads\/2025\/08\/Tafeln_Glaube_und_Trauben_EHF-2025_WBG_Weinberg_Pillnitz_Q3.pdf\" target=\"_blank\" rel=\"noopener\">Weinanbau am Weinberg in Pillnitz<\/a><br \/>\nWeinbaugemeinschaft &#8222;Weinberg Pillnitz e.V.&#8220;<br \/>\n(Bitte den Link klicken)<\/p>\n<p><\/p>\n<p><a href=\"http:\/\/ortsverein-pillnitz.de\/ovp\/wp-content\/uploads\/2025\/08\/Praesentation_Schlosskirche_Ortsverein_Pillnitz_EHF-2025_V9.pdf\" target=\"_blank\" rel=\"noopener\">Spuren der alten Schlosskirche 1597 &#8211; 1723<\/a><br \/>\nOrtsverein Pillnitz e.V.<br \/>\n(Bitte den Link klicken)<\/p>\n<p>&nbsp;<br \/>\n&nbsp;<\/p>\n<p><strong>Juni 2024<\/strong><\/p>\n<p><strong> Ausstellung zum Elbhangfest<br \/>\n\u201eFr\u00fche Geschichte der Elbhangd\u00f6rfer Hosterwitz, Pillnitz und Oberpoyritz\u201c<\/strong> <\/p>\n<p>&nbsp;<br \/>\n&nbsp;<\/p>\n<p><strong>Juni 2018<\/strong><\/p>\n<p><strong> Ausstellung zum Elbhangfest<br \/>\n\u201ePersonen, Firmen und Betriebe \u2013 Gr\u00fcnder und Erfinder in Pillnitz und Hosterwitz\u201c<\/strong> <\/p>\n<p>&nbsp;<br \/>\n&nbsp;<\/p>\n<p><strong>Juni 2017<\/strong><\/p>\n<p><strong> Ausstellung zum Elbhangfest<br \/>\n\u201eHistorische Photographien von Pillnitz und Umgebung\u201c<\/strong> <\/p>\n<p>&nbsp;<br \/>\n&nbsp;<\/p>\n<p><strong>Juni 2016<\/strong><\/p>\n<p><strong> Ausstellung zum Elbhangfest<br \/>\n\u201eEnglische G\u00e4rten\u201c<\/strong> <\/p>\n<p>&nbsp;<br \/>\n&nbsp;<\/p>\n<p><strong>Juni 2015<\/strong><\/p>\n<p><strong> Ausstellung zum Elbhangfest<br \/>\n\u201eF\u00e4hren an der Elbe\u201c<\/strong> <\/p>\n<p>&nbsp;<br \/>\n&nbsp;<\/p>\n<p><strong>Juni 2014<\/strong><\/p>\n<p><strong> Ausstellung zum Elbhangfest<br \/>\n\u201eAn der Elbe und im Grunde &#8211; Gasth\u00e4user laden ein zur Runde\u201c<\/strong> <\/p>\n<p>&nbsp;<br \/>\n&nbsp;<\/p>\n<p><strong>Juni 2013<\/strong><\/p>\n<p><strong> Ausstellung zum Elbhangfest<br \/>\n\u201eRichard Wagner und Pers\u00f6nlichkeiten um ihn und seinen Sommeraufenthalt in Graupa\u201c <\/strong><\/p>\n<p>&nbsp;<br \/>\n&nbsp;<\/p>\n<p><strong>Juni 2012<\/strong><\/p>\n<p><strong>Ausstellung zum Elbhangfest<br \/>\n\u201e \u00bbWeiblichkeit in Amt und W\u00fcrden\u00ab \u2013 Frauen am Elbhang\u201c<\/strong><\/p>\n<p>&nbsp;<br \/>\n&nbsp;<\/p>\n<p><strong>Februar 2012<\/strong><\/p>\n<p><strong>Ausstellung im Kulturrathaus<br \/>\n\u201eTraumhafte Schl\u00f6sser, Villen und Sommerh\u00e4user am Elbhang um Pillnitz\u201c<\/strong><\/p>\n<p><img decoding=\"async\" src=\"http:\/\/ortsverein-pillnitz.de\/ovp\/wp-content\/uploads\/2013\/05\/villa_lauterbach.jpg\" alt=\"1895 entstand das Bild dieser f\u00fcnf Ferienkinder vor der 1864 errichteten Villa Lauterbach, sp\u00e4ter 'Haus Hoheneichen' in Hosterwitz\" vspace=10 hspace=40 align=\"left\" style=\"margin-right:1em\" \/><em>1895 entstand das Bild dieser f\u00fcnf Ferienkinder vor der 1864 errichteten Villa Lauterbach, sp\u00e4ter &#8222;Haus Hoheneichen&#8220; in Hosterwitz<\/em><\/p>\n<p>Der Ortsverein Pillnitz zeigte unter der \u00dcberschrift \u201eTraumhafte Schl\u00f6sser, Villen und Sommerh\u00e4user am Elbhang um Pillnitz\u201c eine Ausstellung in der 3. Etage des Kulturrathauses, K\u00f6nigstra\u00dfe 15.<\/p>\n<p>Die Sch\u00f6nheit, Anmut und Harmonie des Elbstromes, der Wiesen und Felder, der Weinberge und W\u00e4lder des Elbhanges von Pillnitz, Hosterwitz und Niederpoyritz ziehen seit Langem Bauwillige an. Der s\u00e4chsische Hof unter August dem Starken hatte Schloss Pillnitz in seinen Grundz\u00fcgen erbauen lassen. Ab 1766 nutzte es der kurf\u00fcrstliche Hof regelm\u00e4\u00dfig als Sommersitz. In seiner Umgebung errichteten viele mit dem Hof verbundene Pers\u00f6nlichkeiten im 19. Jahrhundert eigene Sommerh\u00e4user. Mit Angeh\u00f6rigen und Freunden verbrachten sie hier die Sommerzeit und genossen die herrliche Landschaft.<\/p>\n<p>Die Ausstellung des Ortsverein Pillnitz zeigte eine Auswahl dieser H\u00e4user und erz\u00e4hlt von ihren Bewohnern. Sie war vom 08. Februar bis zum 20. April 2012 zu sehen.<\/p>\n<p>&nbsp;<br \/>\n&nbsp;<\/p>\n<p><strong>November 2011<\/strong><\/p>\n<p><strong> Ausstellung im Kulturrathaus<br \/>\n\u201eBedeutende Zeitgenossen Lingners im Pillnitzer Raum\u201c <\/strong><br \/>\nDie Ausstellung war ge\u00f6ffnet bis zum 3. Januar 2012<\/p>\n<p>&nbsp;<br \/>\n&nbsp;<\/p>\n<p><strong>Oktober 2011<\/strong><\/p>\n<p><strong>Ausstellung im Kulturrathaus<br \/>\n\u201eVon Schulen, Lehrern und Sch\u00fclern in Pillnitz und Umgebung\u201c<\/strong><\/p>\n<p><img decoding=\"async\" src=\"http:\/\/ortsverein-pillnitz.de\/ovp\/wp-content\/uploads\/2013\/05\/88_oberschule.jpg\" alt=\"88. Oberschule in Hosterwitz\" width=159 height=125 vspace=10 hspace=40 align=\"left\" style=\"margin-right:1em\" \/><em>88. Oberschule in Hosterwitz<\/em><\/p>\n<p>Die im Kulturrathaus er\u00f6ffnete Ausstellung zeigte die Geschichte der Schulen Pillnitz, Hosterwitz und Niederpoyritz seit ihren Anf\u00e4ngen in Hosterwitz um 1500.<\/p>\n<p>Nicht nur die vielen verschiedenen Schulgeb\u00e4ude wurden in der Ausstellung vorgestellt, sie berichtet auch von herausragenden Pers\u00f6nlichkeiten und wichtigen Ereignissen.<\/p>\n<p>Historische Dokumente und Fotos aus verschiedenen Jahrzehnten erz\u00e4hlen vom Schulalltag vergangener Zeiten.<\/p>\n<p>Modernisierungen und Schulprojekte an der 88. Grund- und Mittelschule weisen bis in die Gegenwart.<br \/>\nDie Ausstellung war vom 07. Juli bis zum 18. Oktober 2011 zu sehen.<\/p>\n<p>&nbsp;<br \/>\n&nbsp;<\/p>\n<p><strong>Juni 2011<\/strong><\/p>\n<p><strong> Ausstellung zum Elbhangfest<br \/>\n\u201eBedeutende Zeitgenossen Lingners im Pillnitzer Raum\u201c <\/strong><\/p>\n<p><img decoding=\"async\" src=\"http:\/\/ortsverein-pillnitz.de\/ovp\/wp-content\/uploads\/2013\/05\/ausstellung_lingner-e1369484449636.jpg\" alt=\"Ausstellung Lingner\" width=168 height=111 vspace=10 hspace=40 align=\"left\" style=\"margin-right:1em\" \/><em><\/em><\/p>\n<p>Wer kennt nicht Karl August Lingner, sein Schloss auf dem Elbhang und seine bahnbrechende Erfindung des Mundwassers Odol? Zu dieser Zeit, um die Jahrhundertwende vom 19. zum 20. Jahrhundert, lebten und arbeiteten viele weitere bedeutende Kulturschaffende an den rechtselbischen H\u00e4ngen. Die Ausstellung \u201eBedeutende Zeitgenossen Lingners im Pillnitzer Raum\u201c des Ortsvereins Pillnitz m\u00f6chte an diese Frauen und M\u00e4nner aus den verschiedensten Bereichen des kreativen Gestaltens erinnern. Elf mit historischen Abbildungen reich bebilderte Tafeln stellen 18 Personen, ihre biografischen Daten und ihre Wirkungsst\u00e4tten vor.<\/p>\n<p>&nbsp;<br \/>\n&nbsp;<\/p>\n<p><strong>Juni 2010<\/strong><\/p>\n<p><strong> Ausstellung zum Elbhangfest<br \/>\n\u201eZauberhafte Schl\u00f6sser, Villen und Sommerh\u00e4user am Elbhang um Pillnitz\u201c <\/strong><\/p>\n<p>&nbsp;<br \/>\n&nbsp;<\/p>\n<p><strong>Juni 2009<\/strong><\/p>\n<p><strong> Ausstellung zum Elbhangfest<br \/>\n\u201eVon Schulen, Lehrern und Sch\u00fclern\u201c <\/strong><\/p>\n<p>&nbsp;<br \/>\n&nbsp;<\/p>\n<p><strong>Juni 2008<\/strong><\/p>\n<p><strong>Ausstellung zum Elbhangfest<br \/>\n\u201eHandwerk und Gewerbe im Elbtal um Pillnitz\u201c<\/strong><\/p>\n<p>&nbsp;<br \/>\n&nbsp;<\/p>\n<p><strong>Juni 2007<\/strong><br \/>\n<strong> Ausstellung zum Elbhangfest<br \/>\n\u201eAusstellung zur Geschichte des Plantagengutes\u201c <\/strong><\/p>\n<p>&nbsp;<br \/>\n&nbsp;<\/p>\n<p><strong>Juni 2005<\/strong><br \/>\n<strong> Ausstellung zum Elbhangfest<br \/>\n\u201eZu Schillers Zeiten: Ausstrahlung und Anziehung des Elbtals um Pillnitz\u201c <\/strong><\/p>\n<p>&nbsp;<br \/>\n&nbsp;<\/p>\n<p><strong>Juni 2004<\/strong><br \/>\n<strong> Ausstellung zum Elbhangfest<br \/>\n\u201eB\u00f6hmen in Sachsen, Sachsen in B\u00f6hmen\u201c <\/strong><\/p>\n<p>&nbsp;<br \/>\n&nbsp;<\/p>\n<p><strong>Juni 2003<\/strong><br \/>\n<strong> Ausstellung zum Elbhangfest<br \/>\n\u201eDie Flut in Pillnitz\u201c <\/strong><\/p>\n<p>&nbsp;<br \/>\n&nbsp;<\/p>\n<p><strong>Juni 2002<\/strong><br \/>\n<strong> Ausstellung zum Elbhangfest<br \/>\n\u201eAuf nach Pillnitz \u2013 Wandern und Spazieren in die Gr\u00fcnde und auf die H\u00f6hen\u201c <\/strong><\/p>\n<p>&nbsp;<br \/>\n&nbsp;<\/p>\n<p><strong>Juni 2001<\/strong><br \/>\n<strong> Ausstellung zum Elbhangfest<br \/>\n\u201eDas botanische Jahrhundert \u2013 zur Geschichte der botanischen Sammlungen in Pillnitz im 19. Jahrhundert\u201c <\/strong><\/p>\n<p>&nbsp;<br \/>\n&nbsp;<\/p>\n<p><strong>Juni 2000<\/strong><br \/>\n<strong> Ausstellung zum Elbhangfest<br \/>\n\u201eDie fr\u00fche Geschichte der D\u00f6rfer \u00f6stlich von Wachwitz\u201c <\/strong><\/p>\n<p>&nbsp;<br \/>\n&nbsp;<\/p>\n<p><strong>Juni 1999<\/strong><br \/>\n<strong> Ausstellung zum Elbhangfest<br \/>\n\u201eVon F\u00e4hrmann Ehrlich bis Fischer H\u00f6hle \u2013 Das Leben mit dem Elbstrom in den D\u00f6rfern von S\u00f6brigen bis Loschwitz\u201c <\/strong><br \/>\n\t(Ortsverein Pillnitz e.V., Ortsverein Loschwitz-Wachwitz e.V. und Historikerkreis Elbe-Schiffahrt)<\/p>\n<p>&nbsp;<br \/>\n&nbsp;<\/p>\n<p><strong>Juni 1998<\/strong><br \/>\n<strong> Ausstellung zum Elbhangfest<br \/>\n\u201eK\u00fcnste und K\u00fcnstler im Pillnitzer Elbraum \u2013 Versuch einer Bestandsaufnahme\u201c <\/strong><\/p>\n<p>&nbsp;<br \/>\n&nbsp;<\/p>\n<p><strong>Juni 1997<\/strong><br \/>\n<strong> Ausstellung zum Elbhangfest<br \/>\n\u201eDie Pillnitzer Fotografen K\u00f6hne \u2013 Fotografien aus den Jahren 1930 \u2013 1960\u201c <\/strong><\/p>\n<p>&nbsp;<br \/>\n&nbsp;<\/p>\n<p><strong>1996<\/strong><br \/>\n<strong>\u201eAus dem Nachlass des Niederpoyritzer Malers Max Pietschmann\u201c<\/strong><br \/>\n\t(Ortsverein Pillnitz e.V. und IG Weinbergkirche Pillnitz e. V.)<\/p>\n<p>&nbsp;<\/p>\n<p><strong>\u201eIrmgard Uhlig: Italien vom Alpenrand bis Sizilien \u2013 Aquarelle\u201c<\/strong><\/p>\n<p>&nbsp;<\/p>\n<p><strong>\u201eZur Geschichte von Pillnitz und Umgebung\u201c<\/strong><\/p>\n<p>&nbsp;<br \/>\n&nbsp;<\/p>\n<p><strong>Juni 1995<\/strong><\/p>\n<p><strong>Ausstellung im Palmenhaus des Schlossparks Pillnitz<br \/>\n\u201eDas Palmenhaus Pillnitz in Photographie, Malerei und Grafik\u201c<\/strong><\/p>\n<p>&nbsp;<br \/>\n&nbsp;<\/p>\n<p><strong>Juni 1994<\/strong><\/p>\n<p><strong>Ausstellung zum Elbhangfest<br \/>\n\u201ePillnitz zur Zeit August des Starken\u201c<\/strong><\/p>\n","protected":false},"excerpt":{"rendered":"<p>Der Ortsverein Pillnitz e.V. zeigte die nachfolgenden Ausstellungen zum Elbhangfest im Pillnitzer Schloss als auch teilweise im Kulturrathaus in der Dresdner Neustadt. &nbsp; &nbsp; Juni 2025 Ausstellung zum Elbhangfest \u201eGlaube und Trauben &#8211; seit Jahrhunderten in Pillnitz\u201c Weinanbau am Weinberg in Pillnitz Weinbaugemeinschaft &#8222;Weinberg Pillnitz e.V.&#8220; (Bitte den Link klicken) Spuren der alten Schlosskirche 1597 [&hellip;]<\/p>\n","protected":false},"author":1,"featured_media":0,"parent":0,"menu_order":0,"comment_status":"open","ping_status":"open","template":"","meta":{"ngg_post_thumbnail":0,"footnotes":""},"_links":{"self":[{"href":"http:\/\/ortsverein-pillnitz.de\/ovp\/wp-json\/wp\/v2\/pages\/35"}],"collection":[{"href":"http:\/\/ortsverein-pillnitz.de\/ovp\/wp-json\/wp\/v2\/pages"}],"about":[{"href":"http:\/\/ortsverein-pillnitz.de\/ovp\/wp-json\/wp\/v2\/types\/page"}],"author":[{"embeddable":true,"href":"http:\/\/ortsverein-pillnitz.de\/ovp\/wp-json\/wp\/v2\/users\/1"}],"replies":[{"embeddable":true,"href":"http:\/\/ortsverein-pillnitz.de\/ovp\/wp-json\/wp\/v2\/comments?post=35"}],"version-history":[{"count":14,"href":"http:\/\/ortsverein-pillnitz.de\/ovp\/wp-json\/wp\/v2\/pages\/35\/revisions"}],"predecessor-version":[{"id":992,"href":"http:\/\/ortsverein-pillnitz.de\/ovp\/wp-json\/wp\/v2\/pages\/35\/revisions\/992"}],"wp:attachment":[{"href":"http:\/\/ortsverein-pillnitz.de\/ovp\/wp-json\/wp\/v2\/media?parent=35"}],"curies":[{"name":"wp","href":"https:\/\/api.w.org\/{rel}","templated":true}]}}