{"id":31,"date":"2013-05-21T14:35:10","date_gmt":"2013-05-21T12:35:10","guid":{"rendered":"http:\/\/www.lindner-dresden.de\/wp\/?page_id=31"},"modified":"2026-02-10T20:24:46","modified_gmt":"2026-02-10T18:24:46","slug":"aktivitaeten","status":"publish","type":"page","link":"http:\/\/ortsverein-pillnitz.de\/ovp\/aktivitaeten\/","title":{"rendered":"Aktivit\u00e4ten"},"content":{"rendered":"<p>Pfad: Was machen wir &gt; Aktivit&auml;ten<\/p>\n<p>&nbsp;<\/p>\n<p><strong>Februar 2026<\/strong><\/p>\n<p><strong>AG Geschichte Oberpoyritz<\/strong><br \/>\nVon der Schmiede zum Schank- und Wohnhaus<br \/>\n<small><i>(Ein 200 Jahre altes Geb\u00e4ude in Oberpoyritz)<\/i><\/small><br \/>\nEin erstes Ergebnis unserer Recherchen wurde im Elbhangkurier 2\/2026 ver\u00f6ffentlicht.<br \/>\nWir arbeiten weiter an der Erstellung einer Chronik des Ortsteiles Oberpoyritz.<br \/>\nWer Material insbesondere Fotos oder historische Dokumente oder Interesse an der Mitarbeit in der Arbeitsgruppe hat, melde sich bitte bei vorstand@ortsverein-pillnitz.de<br \/>\n<small><i>(Hinweis: Weiterverwendung nur mit Quellenangabe)<\/i><\/small><br \/>\n<br \/>\n<a href=\"http:\/\/ortsverein-pillnitz.de\/ovp\/wp-content\/uploads\/2026\/02\/EHK-02-26_Schmiedeschaenke_Artikel.pdf\" target=\"_blank\" rel=\"noopener\"><img decoding=\"async\" loading=\"lazy\" src=\"http:\/\/ortsverein-pillnitz.de\/ovp\/wp-content\/uploads\/2026\/02\/EHK-02-26_Schmiedeschaenke_Foto.jpg\" alt=\"\" width=\"224\" height=\"114\" class=\"alignleft wp-image-597\" \/><\/a><\/p>\n<p>&nbsp;&nbsp;Artikel zoomen: auf Bild klicken <\/p>\n<p>&nbsp;<\/p>\n<p>&nbsp;<br \/>&nbsp;<br \/>&nbsp;<\/p>\n<p>&nbsp;<\/p>\n<p><strong>Advent 2025<\/strong><br \/>\nDer Ortsverein war mit Informationsst\u00e4nden am 1. Advent beim Pillnitzer Weihnachtsmarkt Am Rathaus in Pillnitz und zum Weihnachtsmarkt im Hochland in Sch\u00f6nfeld am gesamten 3. Adventswochenende pr\u00e4sent. Es wurde \u00fcber unsere Arbeit berichtet, Infomaterial verteilt, Anregungen aufgenommen und B\u00fccher vom Elbhang verkauft. F\u00fcr die Spendenaktion zugunsten der Sanierung des Wanderweges durch den Keppgrund wurden insgesamt fast 500 \u20ac allein in den Spendenkasten eingelegt. Viele spenden dar\u00fcber hinaus per \u00dcberweisung oder online \u00fcber PayPal.<\/p>\n<table>\n<tbody>\n<tr>\n<td>\n<img decoding=\"async\" loading=\"lazy\" src=\"http:\/\/ortsverein-pillnitz.de\/ovp\/wp-content\/uploads\/2025\/12\/Stand_Weihnachtsmarkt_Pillnitz-2025.jpg\"  alt=\"\" width=\"224\" height=\"150\" class=\"alignleft wp-image-597\" ><\/td>\n<td>&nbsp;&nbsp;&nbsp;&nbsp;&nbsp;&nbsp;&nbsp;&nbsp;&nbsp;&nbsp;&nbsp;&nbsp;&nbsp;&nbsp;&nbsp;&nbsp;&nbsp;&nbsp;&nbsp;&nbsp;&nbsp;&nbsp;&nbsp;&nbsp;&nbsp;&nbsp; <\/td>\n<td><img decoding=\"async\" loading=\"lazy\" src=\"http:\/\/ortsverein-pillnitz.de\/ovp\/wp-content\/uploads\/2025\/12\/Stand_Weihnachtsmarkt_Schoenfeld-2025.jpg\"  alt=\"\" width=\"224\" height=\"150\" class=\"alignleft wp-image-597\" ><\/td>\n<\/tr>\n<\/tbody>\n<\/table>\n<p>(Fotos: S. Wei\u00df)<\/p>\n<p>&nbsp;<\/p>\n<p><strong>Dezember 2025<\/strong><br \/>\nAm 08.12.2025 wurde in Oberpoyritz an der landw\u00e4rtigen Haltestelle \u201eDorfplatz Oberpoyritz\u201c der Linie 83 ein neuer Schaukasten eingeweiht. Der Stadtbezirksbeirat Loschwitz hat das Projekt des Ortsvereins Pillnitz e.V. mit 600 \u20ac unterst\u00fctzt. Eine Wanderkarte von Orberpoyritz und Umgebung stellte das st\u00e4dtische Umweltamt zur Verf\u00fcgung.<\/p>\n<p><a href=\"http:\/\/ortsverein-pillnitz.de\/ovp\/wp-content\/uploads\/2025\/12\/SaeZ_20251211_S19_Wandertafel_Oberpoyritz.pdf\" target=\"_blank\" rel=\"noopener\">Einweihung des Schaukastens in Oberpoyritz<\/a> (Bitte den Link anklicken!)<\/p>\n<p>&nbsp;<br \/>\n<strong>Juni 2025<\/strong><br \/>\nGemeinsame Ausstellung zum 32. Elbhangfest<\/p>\n<p>Wer: Ortsverein Pillnitz e.V. und Verein Weinbaugemeinschaft \u201eWeinberg Pillnitz\u201c e.V.<br \/>\nWann: Sonnabend und Sonntag, jeweils 11 \u2013 18 Uhr<br \/>\nWo: Schloss Pillnitz, Versammlungsraum im K\u00fcchenfl\u00fcgel (Zugang elbseitig)<\/p>\n<p><a href=\"http:\/\/ortsverein-pillnitz.de\/ovp\/wp-content\/uploads\/2025\/06\/Plakat2-Ausstellung2025-scaled.jpg\" target=\"_blank\" rel=\"noopener\"><img decoding=\"async\" loading=\"lazy\" src=\"http:\/\/ortsverein-pillnitz.de\/ovp\/wp-content\/uploads\/2025\/06\/Plakat2-Ausstellung2025-scaled.jpg\" alt=\"\" width=\"224\" height=\"114\" class=\"alignleft wp-image-597\" \/><\/a><\/p>\n<p>&nbsp;<br \/>&nbsp;<br \/>&nbsp;&nbsp;&nbsp;Flyer zoomen: auf Bild klicken <\/p>\n<p>&nbsp;<br \/>\n<br \/>&nbsp;<br \/>&nbsp;<br \/>&nbsp;<br \/>\n<br \/>&nbsp;<br \/>&nbsp;<br \/>&nbsp;<br \/>\n<br \/>&nbsp;<\/p>\n<p><strong>April 2025<\/strong><br \/>\nBenefizveranstaltung f\u00fcr die Wiederherstellung des Wanderwegs im Keppgrund<\/p>\n<p>\nWann: Sonntag, 13. April, 16 Uhr<br \/>\nWo: Weinbergkirche Pillnitz<\/p>\n<p>mit Tom Pauls<\/p>\n<p><a href=\"http:\/\/ortsverein-pillnitz.de\/ovp\/wp-content\/uploads\/2025\/03\/Poster_Benefiz_A4.pdf\" target=\"_blank\" rel=\"noopener\"><img decoding=\"async\" loading=\"lazy\" src=\"http:\/\/ortsverein-pillnitz.de\/ovp\/wp-content\/uploads\/2025\/03\/Poster_Benefiz_A4.jpg\" alt=\"\" width=\"224\" height=\"114\" class=\"alignleft wp-image-597\" \/><\/a><\/p>\n<p>&nbsp;&nbsp;Flyer zoomen: auf Bild klicken <\/p>\n<p>&nbsp;<br \/>&nbsp;<br \/>&nbsp;<br \/>\n<br \/>&nbsp;<br \/>&nbsp;<br \/>&nbsp;<br \/>\n<br \/>&nbsp;<br \/>&nbsp;<br \/>&nbsp;<br \/>\n<br \/>&nbsp;<\/p>\n<p><strong>M\u00e4rz 2025<\/strong><br \/>\nArch\u00e4ologische Fr\u00fchjahrsexkursion des Ortsvereins Pillnitz zum Kanapee<\/p>\n<p><a href=\"http:\/\/ortsverein-pillnitz.de\/ovp\/wp-content\/uploads\/2025\/06\/Frhjahrsexkursion2025-Kanapee.pdf\" target=\"_blank\" rel=\"noopener\">Bericht zur Exkursion<\/a> (Bitte den Link klicken)<\/p>\n<p><\/p>\n<p><a href=\"http:\/\/ortsverein-pillnitz.de\/ovp\/wp-content\/uploads\/2025\/06\/Kanapee-Pillnitz.pdf\" target=\"_blank\" rel=\"noopener\">Forschungsbericht der S\u00e4chsischen Bodendenkmalpflege &#8222;Wallanlage auf dem Kanapee bei Dresden Pillnitz&#8220;<\/a> (Bitte den Link klicken)<\/p>\n<p>&nbsp;<br \/>\n<img decoding=\"async\" loading=\"lazy\" src=\"http:\/\/ortsverein-pillnitz.de\/ovp\/wp-content\/uploads\/2025\/06\/2025-03-14-Ortsvereinswanderung-zum-Kanapee-17-scaled.jpg\"  alt=\"\" width=\"224\" height=\"150\" class=\"alignleft wp-image-597\" ><\/p>\n<p>&nbsp;<\/p>\n<p>&nbsp;<\/p>\n<p>&nbsp;<\/p>\n<p>&nbsp;<\/p>\n<p><img decoding=\"async\" loading=\"lazy\" src=\"http:\/\/ortsverein-pillnitz.de\/ovp\/wp-content\/uploads\/2025\/06\/IMG_7119_Kanapee-scaled.jpg\"  alt=\"\" width=\"224\" height=\"150\" class=\"alignleft wp-image-597\" ><br \/>\n&nbsp;&nbsp; <\/p>\n<p>&nbsp;<\/p>\n<p>&nbsp;<\/p>\n<p>&nbsp;<\/p>\n<p>&nbsp;<\/p>\n<p>&nbsp;<\/p>\n<p><strong>Dezember 2024<\/strong><br \/>\nMitglieder des Vorstandes informieren am 1. Advent 2024 zum Weihnachtsmarkt am Pillnitzer Rathaus \u00fcber die Spendenaktion zur Rettung des Keppgrundes und weitere Aktivit\u00e4ten des Ortsvereins.<br \/>\n&nbsp;<br \/>\n<img decoding=\"async\" loading=\"lazy\" src=\"http:\/\/ortsverein-pillnitz.de\/ovp\/wp-content\/uploads\/2025\/03\/Stand_Weihnachtsmarkt_Pillnitz-2024.jpg\"  alt=\"\" width=\"224\" height=\"150\" class=\"alignleft wp-image-597\" ><br \/>\n&nbsp;&nbsp; <\/p>\n<p>&nbsp;<\/p>\n<p>&nbsp;<\/p>\n<p>&nbsp;<\/p>\n<p>&nbsp;<\/p>\n<p>&nbsp;<\/p>\n<p><strong>Mai 2024<\/strong><br \/>\nWanderung des Ortsvereins Pillnitz mit F\u00f6rstern brachte viele neue Einblicke<\/p>\n<p><a href=\"http:\/\/ortsverein-pillnitz.de\/ovp\/wp-content\/uploads\/2024\/08\/2024-06_Exkursion_Elbhang_Bericht_M_Teichmann.pdf\" target=\"_blank\" rel=\"noopener\">Bericht von Maria Teichmann<\/a>&nbsp;&nbsp;(Bericht als PDF)<\/p>\n<p>&nbsp;<\/p>\n<p><a href=\"http:\/\/ortsverein-pillnitz.de\/ovp\/wp-content\/uploads\/2024\/08\/OV-Pillnitz-Wanderung49_Leitenweg-scaled.jpg\" target=\"_blank\" rel=\"noopener\"><img decoding=\"async\" loading=\"lazy\" src=\"http:\/\/ortsverein-pillnitz.de\/ovp\/wp-content\/uploads\/2024\/08\/OV-Pillnitz-Wanderung49_Leitenweg_komprimiert.jpg\"  alt=\"\" width=\"224\" height=\"150\" class=\"alignleft wp-image-597\" \/><\/a>&nbsp;&nbsp; Bild: Diskussion \u00fcber Probleme am Elbhang <br \/>\n&nbsp;&nbsp;&nbsp;(Foto: M. Teichmann)<\/p>\n<p>&nbsp;<br \/>&nbsp;<br \/>&nbsp;<br \/>&nbsp;<br \/>\n<br \/>&nbsp;&nbsp;&nbsp;&nbsp;&nbsp;&nbsp;&nbsp;&nbsp;(Zoom: auf Foto klicken)<\/p>\n<p>s.a.<br \/>\n<a href=\"https:\/\/elbhangkurier.de\/2024\/06\/der-elbhang-kurier-juni-2024\/\" title=\"Elbhangkurier Juni 2024\" target=\"_blank\" rel=\"noopener\">Elbhangkurier Juni 2024 S. 19<\/a><\/p>\n<p>&nbsp;<\/p>\n<p><strong>seit 2006<\/strong><br \/>\nUnterst\u00fctzung der B\u00fcrgerinitiative gegen Kieswerk und Kiesabbau S&ouml;brigen<br \/>\n&#8211; f\u00fcr die Bewahrung der Kulturlandschaft zwischen Pillnitz und Pirna<br \/>\ns.a.<br \/>\n<a href=\"http:\/\/www.gegen-kieswerk-soebrigen.de\/\" title=\"www.gegen-kieswerk-soebrigen.de\" target=\"_blank\" rel=\"noopener\">www.gegen-kieswerk-soebrigen.de<\/a><\/p>\n<p>&nbsp;<\/p>\n<p><strong>2012 &#8211; 2013<\/strong><br \/>\nWiderstand gegen Eintrittserhebung Schlosspark Pillnitz (Phase 2)<br \/>\ns.a.<\/p>\n<p><a href=\"http:\/\/www.fpp.lindner-dresden.de\/\" title=\"Freier Park in Pillnitz\" target=\"_blank\" rel=\"noopener\">Freier Park in Pillnitz<\/a><\/p>\n<p>&nbsp;<\/p>\n<p><strong>2000 &#8211; 2013<\/strong><br \/>\nParkpl\u00e4tze f\u00fcr PKW, Busse in Pillnitz, Forderungen, Mitwirkung bei der Planung<\/p>\n<p>&nbsp;<\/p>\n<p><strong>2005 &#8211; 2007<\/strong><br \/>\nWiderstand gegen Eintrittserhebung Schlosspark Pillnitz (Phase 1)<\/p>\n<p>&nbsp;<\/p>\n<p><strong>1995 &#8211; 2004<\/strong><br \/>\nBegleitung des Stra\u00dfenbaus im Ortsvereinsbereich, Forderungen in der Gestaltung<\/p>\n<p>&nbsp;<\/p>\n<p><strong>1994 &#8211; 1997<\/strong><br \/>\nRettung des Palmenhauses im Pillnitzer Schlosspark<\/p>\n<p>&nbsp;<\/p>\n","protected":false},"excerpt":{"rendered":"<p>Pfad: Was machen wir &gt; Aktivit&auml;ten &nbsp; Februar 2026 AG Geschichte Oberpoyritz Von der Schmiede zum Schank- und Wohnhaus (Ein 200 Jahre altes Geb\u00e4ude in Oberpoyritz) Ein erstes Ergebnis unserer Recherchen wurde im Elbhangkurier 2\/2026 ver\u00f6ffentlicht. Wir arbeiten weiter an der Erstellung einer Chronik des Ortsteiles Oberpoyritz. Wer Material insbesondere Fotos oder historische Dokumente oder [&hellip;]<\/p>\n","protected":false},"author":1,"featured_media":0,"parent":0,"menu_order":0,"comment_status":"open","ping_status":"open","template":"","meta":{"ngg_post_thumbnail":0,"footnotes":""},"_links":{"self":[{"href":"http:\/\/ortsverein-pillnitz.de\/ovp\/wp-json\/wp\/v2\/pages\/31"}],"collection":[{"href":"http:\/\/ortsverein-pillnitz.de\/ovp\/wp-json\/wp\/v2\/pages"}],"about":[{"href":"http:\/\/ortsverein-pillnitz.de\/ovp\/wp-json\/wp\/v2\/types\/page"}],"author":[{"embeddable":true,"href":"http:\/\/ortsverein-pillnitz.de\/ovp\/wp-json\/wp\/v2\/users\/1"}],"replies":[{"embeddable":true,"href":"http:\/\/ortsverein-pillnitz.de\/ovp\/wp-json\/wp\/v2\/comments?post=31"}],"version-history":[{"count":119,"href":"http:\/\/ortsverein-pillnitz.de\/ovp\/wp-json\/wp\/v2\/pages\/31\/revisions"}],"predecessor-version":[{"id":1043,"href":"http:\/\/ortsverein-pillnitz.de\/ovp\/wp-json\/wp\/v2\/pages\/31\/revisions\/1043"}],"wp:attachment":[{"href":"http:\/\/ortsverein-pillnitz.de\/ovp\/wp-json\/wp\/v2\/media?parent=31"}],"curies":[{"name":"wp","href":"https:\/\/api.w.org\/{rel}","templated":true}]}}