{"id":151,"date":"2013-05-25T10:57:56","date_gmt":"2013-05-25T08:57:56","guid":{"rendered":"http:\/\/www.lindner-dresden.de\/wp\/?page_id=151"},"modified":"2024-06-27T12:54:34","modified_gmt":"2024-06-27T10:54:34","slug":"hosterwitz","status":"publish","type":"page","link":"http:\/\/ortsverein-pillnitz.de\/ovp\/hosterwitz\/","title":{"rendered":"Sieghart Pietzsch: Hosterwitz"},"content":{"rendered":"<p>Pfad: Publikationen &gt; Pietzsch, Sieghart: Hosterwitz<\/p>\n<p>&nbsp;<\/p>\n<h1><img decoding=\"async\" src=\"http:\/\/ortsverein-pillnitz.de\/ovp\/wp-content\/uploads\/2013\/05\/hosterwitz-cover.jpg\" alt=\"Pietzsch, Sieghart: Chronik von Hosterwitz 1406 - 2006\" width=165 height=228 vspace=10 hspace=40 align=\"left\" style=\"margin-right:1em\">Pietzsch, Sieghart<br \/>Chronik von Hosterwitz 1406 &#8211; 2006<\/h1>\n<p>\nErst nach wahrscheinlich jahrhundertelangem Bestehen als slawischer Fischerort und sp\u00e4ter als Bauerndorf trat Anfang des 15. Jhd. Hosterwitz nachweislich in die Geschichte ein, als der bisherige Hosterwitzer Pfarrer Johannes Ungermann am 2. Dezember 1406 nach Struppen versetzt wurde. Aus Anlass des 600. Jahrestages dieser gesicherten Ersterw\u00e4hnung des Ortes umrei\u00dft die Chronik die historische Entwicklung des Ortes und seines Umlandes.<\/p>\n<p>&nbsp;<\/p>\n<p>536 Seiten, etwa 400 Abbildungen,<br \/>\nHerausgeber: Ortsverein Pillnitz e. V.<br \/>\nVerlag: Elbhang-Kurier-Verlag\n<\/p>\n<p>21,90 EUR (inkl. 7% MwSt. zzgl. Versand)<br \/>\n(Sonderpreis zum Motto des 31. Elbhangfestes &#8222;Auf die D\u00f6rfer&#8220; an den Verkaufsst\u00e4nden f\u00fcr nur 19,- \u20ac !)<br \/>\n&nbsp;<\/p>\n<p><strong>Bestellformular: <\/strong><\/p>\n\n<div class=\"wpcf7 no-js\" id=\"wpcf7-f441-o1\" lang=\"de-DE\" dir=\"ltr\">\n<div class=\"screen-reader-response\"><p role=\"status\" aria-live=\"polite\" aria-atomic=\"true\"><\/p> <ul><\/ul><\/div>\n<form action=\"\/ovp\/wp-json\/wp\/v2\/pages\/151#wpcf7-f441-o1\" method=\"post\" class=\"wpcf7-form init\" aria-label=\"Kontaktformular\" novalidate=\"novalidate\" data-status=\"init\">\n<div style=\"display: none;\">\n<input type=\"hidden\" name=\"_wpcf7\" value=\"441\" \/>\n<input type=\"hidden\" name=\"_wpcf7_version\" value=\"5.9.3\" \/>\n<input type=\"hidden\" name=\"_wpcf7_locale\" value=\"de_DE\" \/>\n<input type=\"hidden\" name=\"_wpcf7_unit_tag\" value=\"wpcf7-f441-o1\" \/>\n<input type=\"hidden\" name=\"_wpcf7_container_post\" value=\"0\" \/>\n<input type=\"hidden\" name=\"_wpcf7_posted_data_hash\" value=\"\" \/>\n<\/div>\n<p>Anrede (Pflichtfeld)\n<\/p>\n<p><span class=\"wpcf7-form-control-wrap\" data-name=\"Anrede\"><select class=\"wpcf7-form-control wpcf7-select wpcf7-validates-as-required\" aria-required=\"true\" aria-invalid=\"false\" name=\"Anrede\"><option value=\"Frau\">Frau<\/option><option value=\"Herr\">Herr<\/option><\/select><\/span>\n<\/p>\n<p>Ihr Vorname (Pflichtfeld)\n<\/p>\n<p><span class=\"wpcf7-form-control-wrap\" data-name=\"Vorname\"><input size=\"40\" class=\"wpcf7-form-control wpcf7-text wpcf7-validates-as-required\" aria-required=\"true\" aria-invalid=\"false\" value=\"\" type=\"text\" name=\"Vorname\" \/><\/span>\n<\/p>\n<p>Ihr Name (Pflichtfeld)\n<\/p>\n<p><span class=\"wpcf7-form-control-wrap\" data-name=\"your-name\"><input size=\"40\" class=\"wpcf7-form-control wpcf7-text wpcf7-validates-as-required\" aria-required=\"true\" aria-invalid=\"false\" value=\"\" type=\"text\" name=\"your-name\" \/><\/span>\n<\/p>\n<p>Strasse und Hausnummer (Pflichtfeld)\n<\/p>\n<p><span class=\"wpcf7-form-control-wrap\" data-name=\"StrasseundHausnummer\"><input size=\"40\" class=\"wpcf7-form-control wpcf7-text wpcf7-validates-as-required\" aria-required=\"true\" aria-invalid=\"false\" value=\"\" type=\"text\" name=\"StrasseundHausnummer\" \/><\/span>\n<\/p>\n<p>Postleitzahl (Pflichtfeld)\n<\/p>\n<p><span class=\"wpcf7-form-control-wrap\" data-name=\"Postleitzahl\"><input size=\"40\" class=\"wpcf7-form-control wpcf7-tel wpcf7-validates-as-required wpcf7-text wpcf7-validates-as-tel\" aria-required=\"true\" aria-invalid=\"false\" value=\"\" type=\"tel\" name=\"Postleitzahl\" \/><\/span>\n<\/p>\n<p>Ort (Pflichtfeld)\n<\/p>\n<p><span class=\"wpcf7-form-control-wrap\" data-name=\"Ort\"><input size=\"40\" class=\"wpcf7-form-control wpcf7-text wpcf7-validates-as-required\" aria-required=\"true\" aria-invalid=\"false\" value=\"\" type=\"text\" name=\"Ort\" \/><\/span>\n<\/p>\n<p>Land (Pflichtfeld)\n<\/p>\n<p><span class=\"wpcf7-form-control-wrap\" data-name=\"Land\"><input size=\"40\" class=\"wpcf7-form-control wpcf7-text wpcf7-validates-as-required\" aria-required=\"true\" aria-invalid=\"false\" value=\"Deutschland\" type=\"text\" name=\"Land\" \/><\/span>\n<\/p>\n<p>Ihre E-Mail-Adresse (Pflichtfeld)\n<\/p>\n<p><span class=\"wpcf7-form-control-wrap\" data-name=\"your-email\"><input size=\"40\" class=\"wpcf7-form-control wpcf7-email wpcf7-validates-as-required wpcf7-text wpcf7-validates-as-email\" aria-required=\"true\" aria-invalid=\"false\" value=\"\" type=\"email\" name=\"your-email\" \/><\/span>\n<\/p>\n<p>Betreff\n<\/p>\n<p><span class=\"wpcf7-form-control-wrap\" data-name=\"your-subject\"><input size=\"40\" class=\"wpcf7-form-control wpcf7-text\" aria-invalid=\"false\" value=\"\" type=\"text\" name=\"your-subject\" \/><\/span>\n<\/p>\n<p>Ihre Nachricht\n<\/p>\n<p><span class=\"wpcf7-form-control-wrap\" data-name=\"Hosterwitz\"><textarea cols=\"40\" rows=\"10\" class=\"wpcf7-form-control wpcf7-textarea\" id=\"IhreNachricht\" aria-invalid=\"false\" name=\"Hosterwitz\">Sehr geehrte Damen und Herren,  ich bestelle hiermit das Buch \u00abPietzsch, Sieghart: Chronik von Hosterwitz 1406 - 2006\u00bb zum Preis von 21,90 EUR (inkl. 7% MwSt. zzgl. Versand). Mit freundlichen Gr\u00fc\u00dfen<\/textarea><\/span>\n<\/p>\n<p><input type=\"hidden\" name=\"_wpcf7_captcha_challenge_Hosterwitzbestellung\" value=\"112428179\" \/><img class=\"wpcf7-form-control wpcf7-captchac wpcf7-captcha-Hosterwitzbestellung\" width=\"72\" height=\"24\" alt=\"captcha\" src=\"http:\/\/ortsverein-pillnitz.de\/ovp\/wp-content\/uploads\/wpcf7_captcha\/112428179.png\" \/><br \/>\nBitte geben sie den Code in das folgende Feld ein:<br \/>\n<span class=\"wpcf7-form-control-wrap\" data-name=\"Hosterwitzbestellung\"><input size=\"40\" class=\"wpcf7-form-control wpcf7-captchar\" autocomplete=\"off\" aria-invalid=\"false\" value=\"\" type=\"text\" name=\"Hosterwitzbestellung\" \/><\/span>\n<\/p>\n<p><input class=\"wpcf7-form-control wpcf7-submit has-spinner\" type=\"submit\" value=\"Senden\" \/>\n<\/p><div class=\"wpcf7-response-output\" aria-hidden=\"true\"><\/div>\n<\/form>\n<\/div>\n\n","protected":false},"excerpt":{"rendered":"<p>Pfad: Publikationen &gt; Pietzsch, Sieghart: Hosterwitz &nbsp; Pietzsch, SieghartChronik von Hosterwitz 1406 &#8211; 2006 Erst nach wahrscheinlich jahrhundertelangem Bestehen als slawischer Fischerort und sp\u00e4ter als Bauerndorf trat Anfang des 15. Jhd. Hosterwitz nachweislich in die Geschichte ein, als der bisherige Hosterwitzer Pfarrer Johannes Ungermann am 2. Dezember 1406 nach Struppen versetzt wurde. Aus Anlass des [&hellip;]<\/p>\n","protected":false},"author":1,"featured_media":0,"parent":0,"menu_order":0,"comment_status":"open","ping_status":"open","template":"","meta":{"ngg_post_thumbnail":0,"footnotes":""},"_links":{"self":[{"href":"http:\/\/ortsverein-pillnitz.de\/ovp\/wp-json\/wp\/v2\/pages\/151"}],"collection":[{"href":"http:\/\/ortsverein-pillnitz.de\/ovp\/wp-json\/wp\/v2\/pages"}],"about":[{"href":"http:\/\/ortsverein-pillnitz.de\/ovp\/wp-json\/wp\/v2\/types\/page"}],"author":[{"embeddable":true,"href":"http:\/\/ortsverein-pillnitz.de\/ovp\/wp-json\/wp\/v2\/users\/1"}],"replies":[{"embeddable":true,"href":"http:\/\/ortsverein-pillnitz.de\/ovp\/wp-json\/wp\/v2\/comments?post=151"}],"version-history":[{"count":3,"href":"http:\/\/ortsverein-pillnitz.de\/ovp\/wp-json\/wp\/v2\/pages\/151\/revisions"}],"predecessor-version":[{"id":774,"href":"http:\/\/ortsverein-pillnitz.de\/ovp\/wp-json\/wp\/v2\/pages\/151\/revisions\/774"}],"wp:attachment":[{"href":"http:\/\/ortsverein-pillnitz.de\/ovp\/wp-json\/wp\/v2\/media?parent=151"}],"curies":[{"name":"wp","href":"https:\/\/api.w.org\/{rel}","templated":true}]}}