{"id":112,"date":"2013-05-23T10:29:09","date_gmt":"2013-05-23T08:29:09","guid":{"rendered":"http:\/\/www.lindner-dresden.de\/wp\/?page_id=112"},"modified":"2014-02-07T00:34:25","modified_gmt":"2014-02-06T22:34:25","slug":"weinbergkirche","status":"publish","type":"page","link":"http:\/\/ortsverein-pillnitz.de\/ovp\/weinbergkirche\/","title":{"rendered":"Dieter Fischer: Weinbergkirche"},"content":{"rendered":"<p>Pfad: Publikationen &gt; Fischer, Dieter: Weinbergkirche<\/p>\n<p>&nbsp;<\/p>\n<h1><img decoding=\"async\" src=\"http:\/\/ortsverein-pillnitz.de\/ovp\/wp-content\/uploads\/2013\/05\/weinbergkirche-cover.jpg\" alt=\"Fischer, Dieter: Weinbergkirche\" width=170 height=222 vspace=10 hspace=40 align=\"left\" style=\"margin-right:1em\"> Fischer, Dieter<br \/> Die Weinbergkirche &#8218;Zum Heiligen Geist&#8216; in Dresden- Pillnitz<\/h1>\n<p>\nDem Einsatz engagierter B\u00fcrger ist es zu verdanken, dass die Pillnitzer Weinbergkirche &#8222;Zum Heiligen Geist&#8220; in den Jahren nach 1990 vor dem drohenden Verfall gerettet werden konnte und heute in ihrer barocken Gestalt und Farbigkeit wiederhergestellt ist. Denkmalpfleger und Mitglieder der Interessengemeinschaft besch\u00e4ftigen sich in mehreren Beitr\u00e4gen mit der Bau und Nutzungsgeschichte der nach dem Entwurf von Matth\u00e4us Daniel P\u00f6ppelmann 1723 bis 1725 im Pillnitzer Weinberg errichteten evangelischen Schlo\u00dfkirche und ihres Vorg\u00e4ngerbaus. Das Buch wurde mit vielen historischen Abbildungen sowie mit Fotos von den Restaurierungsarbeiten und vom heutigen Zustand der Kirche ausgestattet.\n<\/p>\n<p>Dresden, 2001<\/p>\n<p>Gebundene Ausgabe: 92 Seiten<br \/>\nVerlag: Michel Sandstein (Januar 2001)<br \/>\nISBN-10: 3930382156<br \/>\nISBN-13: 978-3930382156<\/p>\n<p>20,00 EUR (inkl. 7% MwSt. zzgl. Versand 4,90 EUR)<\/p>\n<p>&nbsp;<\/p>\n<p><strong>Pressestimmen<\/strong><br \/>\nS\u00e4chsische Zeitung vom 22.5.97<br \/>\nDie Geschichte der Weinbergkirche (&#8230;) kann in einem Buch des Michel Sandstein Verlages nachgelesen werden. Dank akribischer Nachforschungen in s\u00e4chsischen Archiven gelang gelingt Dieter Fischer in f\u00fcnf Kapiteln eine nahezu l\u00fcckenlose Darstellung aller Bau und Lebensabschnitte der Kirche. (&#8230;) Eine B\u00fcrgerinitiative hat sich ein Denkmal in Form einer geretteten Kirche gesetzt und ihr Tun in einem Buch dokumentiert, das mit bildreicher Ausstattung und vorz\u00fcglicher Gestaltung \u00fcber das Ma\u00df herk\u00f6mmlicher Regionalliteratur weit hinausweist.<\/p>\n<p>&nbsp;<\/p>\n<p><strong>Bestellformular: <\/strong><\/p>\n\n<div class=\"wpcf7 no-js\" id=\"wpcf7-f446-o1\" lang=\"de-DE\" dir=\"ltr\">\n<div class=\"screen-reader-response\"><p role=\"status\" aria-live=\"polite\" aria-atomic=\"true\"><\/p> <ul><\/ul><\/div>\n<form action=\"\/ovp\/wp-json\/wp\/v2\/pages\/112#wpcf7-f446-o1\" method=\"post\" class=\"wpcf7-form init\" aria-label=\"Kontaktformular\" novalidate=\"novalidate\" data-status=\"init\">\n<div style=\"display: none;\">\n<input type=\"hidden\" name=\"_wpcf7\" value=\"446\" \/>\n<input type=\"hidden\" name=\"_wpcf7_version\" value=\"5.9.3\" \/>\n<input type=\"hidden\" name=\"_wpcf7_locale\" value=\"de_DE\" \/>\n<input type=\"hidden\" name=\"_wpcf7_unit_tag\" value=\"wpcf7-f446-o1\" \/>\n<input type=\"hidden\" name=\"_wpcf7_container_post\" value=\"0\" \/>\n<input type=\"hidden\" name=\"_wpcf7_posted_data_hash\" value=\"\" \/>\n<\/div>\n<p>Anrede (Pflichtfeld)\n<\/p>\n<p><span class=\"wpcf7-form-control-wrap\" data-name=\"Anrede\"><select class=\"wpcf7-form-control wpcf7-select wpcf7-validates-as-required\" aria-required=\"true\" aria-invalid=\"false\" name=\"Anrede\"><option value=\"Frau\">Frau<\/option><option value=\"Herr\">Herr<\/option><\/select><\/span>\n<\/p>\n<p>Ihr Vorname (Pflichtfeld)\n<\/p>\n<p><span class=\"wpcf7-form-control-wrap\" data-name=\"Vorname\"><input size=\"40\" class=\"wpcf7-form-control wpcf7-text wpcf7-validates-as-required\" aria-required=\"true\" aria-invalid=\"false\" value=\"\" type=\"text\" name=\"Vorname\" \/><\/span>\n<\/p>\n<p>Ihr Name (Pflichtfeld)\n<\/p>\n<p><span class=\"wpcf7-form-control-wrap\" data-name=\"your-name\"><input size=\"40\" class=\"wpcf7-form-control wpcf7-text wpcf7-validates-as-required\" aria-required=\"true\" aria-invalid=\"false\" value=\"\" type=\"text\" name=\"your-name\" \/><\/span>\n<\/p>\n<p>Strasse und Hausnummer (Pflichtfeld)\n<\/p>\n<p><span class=\"wpcf7-form-control-wrap\" data-name=\"StrasseundHausnummer\"><input size=\"40\" class=\"wpcf7-form-control wpcf7-text wpcf7-validates-as-required\" aria-required=\"true\" aria-invalid=\"false\" value=\"\" type=\"text\" name=\"StrasseundHausnummer\" \/><\/span>\n<\/p>\n<p>Postleitzahl (Pflichtfeld)\n<\/p>\n<p><span class=\"wpcf7-form-control-wrap\" data-name=\"Postleitzahl\"><input size=\"40\" class=\"wpcf7-form-control wpcf7-tel wpcf7-validates-as-required wpcf7-text wpcf7-validates-as-tel\" aria-required=\"true\" aria-invalid=\"false\" value=\"\" type=\"tel\" name=\"Postleitzahl\" \/><\/span>\n<\/p>\n<p>Ort (Pflichtfeld)\n<\/p>\n<p><span class=\"wpcf7-form-control-wrap\" data-name=\"Ort\"><input size=\"40\" class=\"wpcf7-form-control wpcf7-text wpcf7-validates-as-required\" aria-required=\"true\" aria-invalid=\"false\" value=\"\" type=\"text\" name=\"Ort\" \/><\/span>\n<\/p>\n<p>Land (Pflichtfeld)\n<\/p>\n<p><span class=\"wpcf7-form-control-wrap\" data-name=\"Land\"><input size=\"40\" class=\"wpcf7-form-control wpcf7-text wpcf7-validates-as-required\" aria-required=\"true\" aria-invalid=\"false\" value=\"Deutschland\" type=\"text\" name=\"Land\" \/><\/span>\n<\/p>\n<p>Ihre E-Mail-Adresse (Pflichtfeld)\n<\/p>\n<p><span class=\"wpcf7-form-control-wrap\" data-name=\"your-email\"><input size=\"40\" class=\"wpcf7-form-control wpcf7-email wpcf7-validates-as-required wpcf7-text wpcf7-validates-as-email\" aria-required=\"true\" aria-invalid=\"false\" value=\"\" type=\"email\" name=\"your-email\" \/><\/span>\n<\/p>\n<p>Betreff\n<\/p>\n<p><span class=\"wpcf7-form-control-wrap\" data-name=\"your-subject\"><input size=\"40\" class=\"wpcf7-form-control wpcf7-text\" aria-invalid=\"false\" value=\"\" type=\"text\" name=\"your-subject\" \/><\/span>\n<\/p>\n<p>Ihre Nachricht\n<\/p>\n<p><span class=\"wpcf7-form-control-wrap\" data-name=\"Weinbergkirche\"><textarea cols=\"40\" rows=\"10\" class=\"wpcf7-form-control wpcf7-textarea\" id=\"IhreNachricht\" aria-invalid=\"false\" name=\"Weinbergkirche\">Sehr geehrte Damen und Herren, ich bestelle hiermit das Buch \u00abFischer, Dieter: Die Weinbergkirche &#039;Zum Heiligen Geist&#039; in Dresden- Pillnitz\u00bb zum Preis von 20,00 EUR (inkl. 7% MwSt. zzgl. Versand 4,90 EUR), insgesamt 24,90 EUR. Mit freundlichen Gr\u00fc\u00dfen<\/textarea><\/span>\n<\/p>\n<p><input type=\"hidden\" name=\"_wpcf7_captcha_challenge_Bestellung\" value=\"3111939912\" \/><img class=\"wpcf7-form-control wpcf7-captchac wpcf7-captcha-Bestellung\" width=\"72\" height=\"24\" alt=\"captcha\" src=\"http:\/\/ortsverein-pillnitz.de\/ovp\/wp-content\/uploads\/wpcf7_captcha\/3111939912.png\" \/><br \/>\nBitte geben sie den Code in das folgende Feld ein:<br \/>\n<span class=\"wpcf7-form-control-wrap\" data-name=\"Bestellung\"><input size=\"40\" class=\"wpcf7-form-control wpcf7-captchar\" autocomplete=\"off\" aria-invalid=\"false\" value=\"\" type=\"text\" name=\"Bestellung\" \/><\/span>\n<\/p>\n<p><input class=\"wpcf7-form-control wpcf7-submit has-spinner\" type=\"submit\" value=\"Senden\" \/>\n<\/p><div class=\"wpcf7-response-output\" aria-hidden=\"true\"><\/div>\n<\/form>\n<\/div>\n\n","protected":false},"excerpt":{"rendered":"<p>Pfad: Publikationen &gt; Fischer, Dieter: Weinbergkirche &nbsp; Fischer, Dieter Die Weinbergkirche &#8218;Zum Heiligen Geist&#8216; in Dresden- Pillnitz Dem Einsatz engagierter B\u00fcrger ist es zu verdanken, dass die Pillnitzer Weinbergkirche &#8222;Zum Heiligen Geist&#8220; in den Jahren nach 1990 vor dem drohenden Verfall gerettet werden konnte und heute in ihrer barocken Gestalt und Farbigkeit wiederhergestellt ist. Denkmalpfleger [&hellip;]<\/p>\n","protected":false},"author":1,"featured_media":0,"parent":0,"menu_order":0,"comment_status":"open","ping_status":"open","template":"","meta":{"ngg_post_thumbnail":0,"footnotes":""},"_links":{"self":[{"href":"http:\/\/ortsverein-pillnitz.de\/ovp\/wp-json\/wp\/v2\/pages\/112"}],"collection":[{"href":"http:\/\/ortsverein-pillnitz.de\/ovp\/wp-json\/wp\/v2\/pages"}],"about":[{"href":"http:\/\/ortsverein-pillnitz.de\/ovp\/wp-json\/wp\/v2\/types\/page"}],"author":[{"embeddable":true,"href":"http:\/\/ortsverein-pillnitz.de\/ovp\/wp-json\/wp\/v2\/users\/1"}],"replies":[{"embeddable":true,"href":"http:\/\/ortsverein-pillnitz.de\/ovp\/wp-json\/wp\/v2\/comments?post=112"}],"version-history":[{"count":1,"href":"http:\/\/ortsverein-pillnitz.de\/ovp\/wp-json\/wp\/v2\/pages\/112\/revisions"}],"predecessor-version":[{"id":447,"href":"http:\/\/ortsverein-pillnitz.de\/ovp\/wp-json\/wp\/v2\/pages\/112\/revisions\/447"}],"wp:attachment":[{"href":"http:\/\/ortsverein-pillnitz.de\/ovp\/wp-json\/wp\/v2\/media?parent=112"}],"curies":[{"name":"wp","href":"https:\/\/api.w.org\/{rel}","templated":true}]}}